{"id":1215,"date":"2024-12-04T14:35:57","date_gmt":"2024-12-04T13:35:57","guid":{"rendered":"https:\/\/prodmar.eu\/?page_id=1215"},"modified":"2025-06-18T13:51:04","modified_gmt":"2025-06-18T11:51:04","slug":"200w","status":"publish","type":"page","link":"https:\/\/prodmar.com\/de\/odbojnice-scienne-porecze-ochrona-scian-prodmar\/odbojnice\/200w\/","title":{"rendered":"200W"},"content":{"rendered":"<div class=\"wp-block-uagb-container uagb-block-3a0af62e alignwide uagb-is-root-container\">\n<div class=\"wp-block-uagb-container uagb-block-c7303980\">\n<div class=\"wp-block-uagb-container uagb-block-11040b29\">\n<div class=\"wp-block-uagb-image uagb-block-fd51f0a6 wp-block-uagb-image--layout-default wp-block-uagb-image--effect-static wp-block-uagb-image--align-none\"><figure class=\"wp-block-uagb-image__figure\"><img decoding=\"async\" srcset=\"https:\/\/prodmar.com\/wp-content\/uploads\/2024\/12\/CS-Acrovyn-200W-EPDM-Rubber-Crash-Rails-20202-1536x1001-1-1024x667.jpg ,https:\/\/prodmar.com\/wp-content\/uploads\/2024\/12\/CS-Acrovyn-200W-EPDM-Rubber-Crash-Rails-20202-1536x1001-1.jpg 780w, https:\/\/prodmar.com\/wp-content\/uploads\/2024\/12\/CS-Acrovyn-200W-EPDM-Rubber-Crash-Rails-20202-1536x1001-1.jpg 360w\" sizes=\"auto, (max-width: 480px) 150px\" src=\"https:\/\/prodmar.com\/wp-content\/uploads\/2024\/12\/CS-Acrovyn-200W-EPDM-Rubber-Crash-Rails-20202-1536x1001-1-1024x667.jpg\" alt=\"\" class=\"uag-image-1220\" width=\"1024\" height=\"400\" title=\"CS-Acrovyn-200W-EPDM-Rubber-Crash-Rails-20202-1536x1001\" loading=\"lazy\" role=\"img\"\/><\/figure><\/div>\n<\/div>\n<\/div>\n\n\n\n<div class=\"wp-block-uagb-container uagb-block-eaadf807\">\n<div class=\"wp-block-uagb-advanced-heading uagb-block-e3dad7c6\"><h2 class=\"uagb-heading-text\">Sto\u00dff\u00e4nger 200W<\/h2><div class=\"uagb-separator\"><\/div><p class=\"uagb-desc-text\">     <strong><strong><strong><strong><strong>Die 200 mm dicken EPDM-Gummipuffer halten selbst den schwersten St\u00f6\u00dfen stand, die an der R\u00fcckseite von Geb\u00e4uden, in Liefer- und Parkbereichen auftreten.<\/strong><\/strong><\/strong><\/strong><\/strong><\/p><\/div>\n\n\n\n<div class=\"wp-block-uagb-icon-list uagb-block-087c3d4b\"><div class=\"uagb-icon-list__wrap\">\n<div class=\"wp-block-uagb-icon-list-child uagb-block-97b08d77\"><span class=\"uagb-icon-list__source-wrap\"><svg xmlns=\"https:\/\/www.w3.org\/2000\/svg\" viewbox=\"0 0 512 512\"><path d=\"M256 0C114.6 0 0 114.6 0 256c0 141.4 114.6 256 256 256s256-114.6 256-256C512 114.6 397.4 0 256 0zM406.6 278.6l-103.1 103.1c-12.5 12.5-32.75 12.5-45.25 0s-12.5-32.75 0-45.25L306.8 288H128C110.3 288 96 273.7 96 256s14.31-32 32-32h178.8l-49.38-49.38c-12.5-12.5-12.5-32.75 0-45.25s32.75-12.5 45.25 0l103.1 103.1C414.6 241.3 416 251.1 416 256C416 260.9 414.6 270.7 406.6 278.6z\"><\/path><\/svg><\/span><span class=\"uagb-icon-list__label\">EPDM-Gummipuffer sind je nach Projektanforderungen in zwei Dicken erh\u00e4ltlich.<\/span><\/div>\n\n\n\n<div class=\"wp-block-uagb-icon-list-child uagb-block-6826b6e2\"><span class=\"uagb-icon-list__source-wrap\"><svg xmlns=\"https:\/\/www.w3.org\/2000\/svg\" viewbox=\"0 0 512 512\"><path d=\"M256 0C114.6 0 0 114.6 0 256c0 141.4 114.6 256 256 256s256-114.6 256-256C512 114.6 397.4 0 256 0zM406.6 278.6l-103.1 103.1c-12.5 12.5-32.75 12.5-45.25 0s-12.5-32.75 0-45.25L306.8 288H128C110.3 288 96 273.7 96 256s14.31-32 32-32h178.8l-49.38-49.38c-12.5-12.5-12.5-32.75 0-45.25s32.75-12.5 45.25 0l103.1 103.1C414.6 241.3 416 251.1 416 256C416 260.9 414.6 270.7 406.6 278.6z\"><\/path><\/svg><\/span><span class=\"uagb-icon-list__label\">Geeignet f\u00fcr Innen- und Au\u00dfenanwendungen.<\/span><\/div>\n\n\n\n<div class=\"wp-block-uagb-icon-list-child uagb-block-00c43785\"><span class=\"uagb-icon-list__source-wrap\"><svg xmlns=\"https:\/\/www.w3.org\/2000\/svg\" viewbox=\"0 0 512 512\"><path d=\"M256 0C114.6 0 0 114.6 0 256c0 141.4 114.6 256 256 256s256-114.6 256-256C512 114.6 397.4 0 256 0zM406.6 278.6l-103.1 103.1c-12.5 12.5-32.75 12.5-45.25 0s-12.5-32.75 0-45.25L306.8 288H128C110.3 288 96 273.7 96 256s14.31-32 32-32h178.8l-49.38-49.38c-12.5-12.5-12.5-32.75 0-45.25s32.75-12.5 45.25 0l103.1 103.1C414.6 241.3 416 251.1 416 256C416 260.9 414.6 270.7 406.6 278.6z\"><\/path><\/svg><\/span><span class=\"uagb-icon-list__label\">Optionales reflektierendes Band oder Warnband.<\/span><\/div>\n\n\n\n<div class=\"wp-block-uagb-icon-list-child uagb-block-3b7b3abb\"><span class=\"uagb-icon-list__source-wrap\"><svg xmlns=\"https:\/\/www.w3.org\/2000\/svg\" viewbox=\"0 0 512 512\"><path d=\"M256 0C114.6 0 0 114.6 0 256c0 141.4 114.6 256 256 256s256-114.6 256-256C512 114.6 397.4 0 256 0zM406.6 278.6l-103.1 103.1c-12.5 12.5-32.75 12.5-45.25 0s-12.5-32.75 0-45.25L306.8 288H128C110.3 288 96 273.7 96 256s14.31-32 32-32h178.8l-49.38-49.38c-12.5-12.5-12.5-32.75 0-45.25s32.75-12.5 45.25 0l103.1 103.1C414.6 241.3 416 251.1 416 256C416 260.9 414.6 270.7 406.6 278.6z\"><\/path><\/svg><\/span><span class=\"uagb-icon-list__label\">Kann mit Stahlb\u00e4ndern an runden S\u00e4ulen befestigt werden.<\/span><\/div>\n\n\n\n<div class=\"wp-block-uagb-icon-list-child uagb-block-46fe969c\"><span class=\"uagb-icon-list__source-wrap\"><svg xmlns=\"https:\/\/www.w3.org\/2000\/svg\" viewbox=\"0 0 512 512\"><path d=\"M256 0C114.6 0 0 114.6 0 256c0 141.4 114.6 256 256 256s256-114.6 256-256C512 114.6 397.4 0 256 0zM406.6 278.6l-103.1 103.1c-12.5 12.5-32.75 12.5-45.25 0s-12.5-32.75 0-45.25L306.8 288H128C110.3 288 96 273.7 96 256s14.31-32 32-32h178.8l-49.38-49.38c-12.5-12.5-12.5-32.75 0-45.25s32.75-12.5 45.25 0l103.1 103.1C414.6 241.3 416 251.1 416 256C416 260.9 414.6 270.7 406.6 278.6z\"><\/path><\/svg><\/span><span class=\"uagb-icon-list__label\">Au\u00dfen- und Innenecken k\u00f6nnen durch Abschr\u00e4gen vor Ort hergestellt werden.<\/span><\/div>\n<\/div><\/div>\n<\/div>\n<\/div>\n\n\n\n<div class=\"wp-block-uagb-container uagb-block-3622eb62 alignfull uagb-is-root-container\"><div class=\"uagb-container-inner-blocks-wrap\">\n<div class=\"wp-block-uagb-advanced-heading uagb-block-7cfa7e9d\"><h2 class=\"uagb-heading-text\"><strong>Lagerl\u00e4ngen und Befestigung:<\/strong><\/h2><\/div>\n\n\n\n<div class=\"wp-block-uagb-icon-list uagb-block-b4b058d6\"><div class=\"uagb-icon-list__wrap\">\n<div class=\"wp-block-uagb-icon-list-child uagb-block-0dec96b3\"><span class=\"uagb-icon-list__source-wrap\"><svg xmlns=\"https:\/\/www.w3.org\/2000\/svg\" viewbox=\"0 0 512 512\"><path d=\"M256 0C114.6 0 0 114.6 0 256c0 141.4 114.6 256 256 256s256-114.6 256-256C512 114.6 397.4 0 256 0zM406.6 278.6l-103.1 103.1c-12.5 12.5-32.75 12.5-45.25 0s-12.5-32.75 0-45.25L306.8 288H128C110.3 288 96 273.7 96 256s14.31-32 32-32h178.8l-49.38-49.38c-12.5-12.5-12.5-32.75 0-45.25s32.75-12.5 45.25 0l103.1 103.1C414.6 241.3 416 251.1 416 256C416 260.9 414.6 270.7 406.6 278.6z\"><\/path><\/svg><\/span><span class=\"uagb-icon-list__label\">Die Abdeckungen und Aluminiumprofile sind in 4,0 m langen Abschnitten erh\u00e4ltlich.<\/span><\/div>\n\n\n\n<div class=\"wp-block-uagb-icon-list-child uagb-block-a9cb6235\"><span class=\"uagb-icon-list__source-wrap\"><svg xmlns=\"https:\/\/www.w3.org\/2000\/svg\" viewbox=\"0 0 512 512\"><path d=\"M256 0C114.6 0 0 114.6 0 256c0 141.4 114.6 256 256 256s256-114.6 256-256C512 114.6 397.4 0 256 0zM406.6 278.6l-103.1 103.1c-12.5 12.5-32.75 12.5-45.25 0s-12.5-32.75 0-45.25L306.8 288H128C110.3 288 96 273.7 96 256s14.31-32 32-32h178.8l-49.38-49.38c-12.5-12.5-12.5-32.75 0-45.25s32.75-12.5 45.25 0l103.1 103.1C414.6 241.3 416 251.1 416 256C416 260.9 414.6 270.7 406.6 278.6z\"><\/path><\/svg><\/span><span class=\"uagb-icon-list__label\">Wechselseitige Montage mit einem maximalen Abstand von 300 mm<\/span><\/div>\n<\/div><\/div>\n<\/div><\/div>\n\n\n\n<div class=\"wp-block-uagb-advanced-heading uagb-block-528e8f3c\"><h5 class=\"uagb-heading-text\"><strong>Optionen <\/strong><\/h5><\/div>\n\n\n\n<div class=\"wp-block-uagb-container uagb-block-fbf46f32 alignfull uagb-is-root-container\"><div class=\"uagb-container-inner-blocks-wrap\">\n<div class=\"wp-block-uagb-info-box uagb-block-d18c9bc2 uagb-infobox__content-wrap  uagb-infobox-icon-above-title uagb-infobox-image-valign-top\"><div class=\"uagb-ifb-content\"><div class=\"uagb-ifb-image-content\"><img decoding=\"async\" src=\"https:\/\/prodmar.com\/wp-content\/uploads\/2024\/12\/200W30-206x300.jpg\" alt=\"\" width=\"\" height=\"0\" loading=\"lazy\"\/><\/div><div class=\"uagb-ifb-title-wrap\"><h6 class=\"uagb-ifb-title\">200W30<\/h6><\/div><\/div><\/div>\n\n\n\n<div class=\"wp-block-uagb-info-box uagb-block-3ee9f248 uagb-infobox__content-wrap  uagb-infobox-icon-above-title uagb-infobox-image-valign-top\"><div class=\"uagb-ifb-content\"><div class=\"uagb-ifb-image-content\"><img decoding=\"async\" src=\"https:\/\/prodmar.com\/wp-content\/uploads\/2024\/12\/200W50-206x300.jpg\" alt=\"\" width=\"\" height=\"0\" loading=\"lazy\"\/><\/div><div class=\"uagb-ifb-title-wrap\"><h6 class=\"uagb-ifb-title\">200W50<\/h6><\/div><\/div><\/div>\n<\/div><\/div>\n\n\n\n<div class=\"wp-block-uagb-advanced-heading uagb-block-734fd3ee\"><h2 class=\"uagb-heading-text\">Zubeh\u00f6r<\/h2><\/div>\n\n\n\n<p>Um die Installation unserer Produkte zu erleichtern oder ihre \u00c4sthetik zu verbessern, sind verschiedene Zubeh\u00f6rteile erh\u00e4ltlich<\/p>\n\n\n\n<div class=\"wp-block-uagb-icon-list uagb-block-ab6e0574\"><div class=\"uagb-icon-list__wrap\">\n<div class=\"wp-block-uagb-icon-list-child uagb-block-cf9fb077\"><span class=\"uagb-icon-list__source-wrap\"><svg xmlns=\"https:\/\/www.w3.org\/2000\/svg\" viewbox=\"0 0 512 512\"><path d=\"M256 0C114.6 0 0 114.6 0 256c0 141.4 114.6 256 256 256s256-114.6 256-256C512 114.6 397.4 0 256 0zM406.6 278.6l-103.1 103.1c-12.5 12.5-32.75 12.5-45.25 0s-12.5-32.75 0-45.25L306.8 288H128C110.3 288 96 273.7 96 256s14.31-32 32-32h178.8l-49.38-49.38c-12.5-12.5-12.5-32.75 0-45.25s32.75-12.5 45.25 0l103.1 103.1C414.6 241.3 416 251.1 416 256C416 260.9 414.6 270.7 406.6 278.6z\"><\/path><\/svg><\/span><span class=\"uagb-icon-list__label\">vertikale dekorative Dichtungen (optional) - schwarz (Standard) <\/span><\/div>\n<\/div><\/div>\n\n\n\n<div class=\"wp-block-uagb-container uagb-block-993fa089 alignfull uagb-is-root-container\">\n<div class=\"wp-block-uagb-container uagb-block-39533ac6 alignfull uagb-is-root-container\"><div class=\"uagb-container-inner-blocks-wrap\">\n<div class=\"wp-block-uagb-container uagb-block-c5d4d80b\">\n<div class=\"wp-block-uagb-buttons uagb-buttons__outer-wrap uagb-btn__default-btn uagb-btn-tablet__default-btn uagb-btn-mobile__default-btn uagb-block-1bbeaad8\"><div class=\"uagb-buttons__wrap uagb-buttons-layout-wrap\">\n<div class=\"wp-block-uagb-buttons-child uagb-buttons__outer-wrap uagb-block-ad1de6d1 wp-block-button\"><div class=\"uagb-button__wrapper\"><a class=\"uagb-buttons-repeater wp-block-button__link\" aria-label=\"\" href=\"https:\/\/prodmar.com\/wp-content\/uploads\/2025\/02\/KATALOG-ACROVYN-2022-PL.pdf\" rel=\"follow noopener\" target=\"_blank\" role=\"button\"><span class=\"uagb-button__icon uagb-button__icon-position-before\"><svg xmlns=\"https:\/\/www.w3.org\/2000\/svg\" viewbox=\"0 0 384 512\" aria-hidden=\"true\" focussable=\"false\"><path d=\"M169.4 278.6C175.6 284.9 183.8 288 192 288s16.38-3.125 22.62-9.375l160-160c12.5-12.5 12.5-32.75 0-45.25s-32.75-12.5-45.25 0L192 210.8L54.63 73.38c-12.5-12.5-32.75-12.5-45.25 0s-12.5 32.75 0 45.25L169.4 278.6zM329.4 265.4L192 402.8L54.63 265.4c-12.5-12.5-32.75-12.5-45.25 0s-12.5 32.75 0 45.25l160 160C175.6 476.9 183.8 480 192 480s16.38-3.125 22.62-9.375l160-160c12.5-12.5 12.5-32.75 0-45.25S341.9 252.9 329.4 265.4z\"><\/path><\/svg><\/span><div class=\"uagb-button__link\">Den Katalog herunterladen<\/div><\/a><\/div><\/div>\n<\/div><\/div>\n<\/div>\n\n\n\n<div class=\"wp-block-uagb-container uagb-block-29a5816a\">\n<div class=\"wp-block-uagb-buttons uagb-buttons__outer-wrap uagb-btn__default-btn uagb-btn-tablet__default-btn uagb-btn-mobile__default-btn uagb-block-12d48a19\"><div class=\"uagb-buttons__wrap uagb-buttons-layout-wrap\">\n<div class=\"wp-block-uagb-buttons-child uagb-buttons__outer-wrap uagb-block-ec9f9583 wp-block-button\"><div class=\"uagb-button__wrapper\"><a class=\"uagb-buttons-repeater wp-block-button__link\" aria-label=\"\" href=\"#\" rel=\"follow noopener\" target=\"_self\" role=\"button\"><span class=\"uagb-button__icon uagb-button__icon-position-before\"><svg xmlns=\"https:\/\/www.w3.org\/2000\/svg\" viewbox=\"0 0 384 512\" aria-hidden=\"true\" focussable=\"false\"><path d=\"M169.4 278.6C175.6 284.9 183.8 288 192 288s16.38-3.125 22.62-9.375l160-160c12.5-12.5 12.5-32.75 0-45.25s-32.75-12.5-45.25 0L192 210.8L54.63 73.38c-12.5-12.5-32.75-12.5-45.25 0s-12.5 32.75 0 45.25L169.4 278.6zM329.4 265.4L192 402.8L54.63 265.4c-12.5-12.5-32.75-12.5-45.25 0s-12.5 32.75 0 45.25l160 160C175.6 476.9 183.8 480 192 480s16.38-3.125 22.62-9.375l160-160c12.5-12.5 12.5-32.75 0-45.25S341.9 252.9 329.4 265.4z\"><\/path><\/svg><\/span><div class=\"uagb-button__link\">Fragen Sie nach dem Preis<\/div><\/a><\/div><\/div>\n<\/div><\/div>\n<\/div>\n\n\n\n<div class=\"wp-block-uagb-container uagb-block-26e9303c\">\n<div class=\"wp-block-uagb-buttons uagb-buttons__outer-wrap uagb-btn__default-btn uagb-btn-tablet__default-btn uagb-btn-mobile__default-btn uagb-block-f1a97e1b\"><div class=\"uagb-buttons__wrap uagb-buttons-layout-wrap\">\n<div class=\"wp-block-uagb-buttons-child uagb-buttons__outer-wrap uagb-block-5d09ba1a wp-block-button\"><div class=\"uagb-button__wrapper\"><a class=\"uagb-buttons-repeater wp-block-button__link\" aria-label=\"\" href=\"#\" rel=\"follow noopener\" target=\"_self\" role=\"button\"><span class=\"uagb-button__icon uagb-button__icon-position-before\"><svg xmlns=\"https:\/\/www.w3.org\/2000\/svg\" viewbox=\"0 0 384 512\" aria-hidden=\"true\" focussable=\"false\"><path d=\"M169.4 278.6C175.6 284.9 183.8 288 192 288s16.38-3.125 22.62-9.375l160-160c12.5-12.5 12.5-32.75 0-45.25s-32.75-12.5-45.25 0L192 210.8L54.63 73.38c-12.5-12.5-32.75-12.5-45.25 0s-12.5 32.75 0 45.25L169.4 278.6zM329.4 265.4L192 402.8L54.63 265.4c-12.5-12.5-32.75-12.5-45.25 0s-12.5 32.75 0 45.25l160 160C175.6 476.9 183.8 480 192 480s16.38-3.125 22.62-9.375l160-160c12.5-12.5 12.5-32.75 0-45.25S341.9 252.9 329.4 265.4z\"><\/path><\/svg><\/span><div class=\"uagb-button__link\">Eine Frage stellen<\/div><\/a><\/div><\/div>\n<\/div><\/div>\n<\/div>\n\n\n\n<div class=\"wp-block-uagb-container uagb-block-21aafa06\">\n<div class=\"wp-block-uagb-buttons uagb-buttons__outer-wrap uagb-btn__default-btn uagb-btn-tablet__default-btn uagb-btn-mobile__default-btn uagb-block-059ca9cd\"><div class=\"uagb-buttons__wrap uagb-buttons-layout-wrap\">\n<div class=\"wp-block-uagb-buttons-child uagb-buttons__outer-wrap uagb-block-78d6aa37 wp-block-button\"><div class=\"uagb-button__wrapper\"><a class=\"uagb-buttons-repeater wp-block-button__link\" aria-label=\"\" href=\"https:\/\/prodmar.com\/wp-content\/uploads\/2025\/02\/KATALOG-ACROVYN-2022-PL.pdf\" rel=\"follow noopener\" target=\"_blank\" role=\"button\"><span class=\"uagb-button__icon uagb-button__icon-position-before\"><svg xmlns=\"https:\/\/www.w3.org\/2000\/svg\" viewbox=\"0 0 384 512\" aria-hidden=\"true\" focussable=\"false\"><path d=\"M169.4 278.6C175.6 284.9 183.8 288 192 288s16.38-3.125 22.62-9.375l160-160c12.5-12.5 12.5-32.75 0-45.25s-32.75-12.5-45.25 0L192 210.8L54.63 73.38c-12.5-12.5-32.75-12.5-45.25 0s-12.5 32.75 0 45.25L169.4 278.6zM329.4 265.4L192 402.8L54.63 265.4c-12.5-12.5-32.75-12.5-45.25 0s-12.5 32.75 0 45.25l160 160C175.6 476.9 183.8 480 192 480s16.38-3.125 22.62-9.375l160-160c12.5-12.5 12.5-32.75 0-45.25S341.9 252.9 329.4 265.4z\"><\/path><\/svg><\/span><div class=\"uagb-button__link\">Herunterladen<\/div><\/a><\/div><\/div>\n<\/div><\/div>\n<\/div>\n<\/div><\/div>\n<\/div>\n\n\n\n<div class=\"wp-block-uagb-container uagb-block-7a7b2601 alignfull uagb-is-root-container\"><div class=\"uagb-container-inner-blocks-wrap\">\n<div class=\"wp-block-uagb-info-box uagb-block-5378c9ba uagb-infobox__content-wrap  uagb-infobox-icon-above-title uagb-infobox-image-valign-top\"><div class=\"uagb-ifb-content\"><div class=\"uagb-ifb-title-wrap\"><\/div><p class=\"uagb-ifb-desc\"><em>Aufgrund der Einschr\u00e4nkungen von Computerbildschirmen k\u00f6nnen die tats\u00e4chlichen Farben abweichen. Bei der Auswahl von Farben aus unserer breiten Palette empfehlen wir Ihnen die Verwendung von&nbsp;<strong>von kostenlosen Mustern und Vorlagen<\/strong>.<br>Die ungef\u00e4hren LRVs f\u00fcr unsere Farben und dekorativen Oberfl\u00e4chen wurden anhand der CIE Y-Messmethode ermittelt.<\/em><\/p><\/div><\/div>\n<\/div><\/div>\n\n\n\n<div class=\"wp-block-uagb-container uagb-layout-flex uagb-block-b5e95f64 alignfull uagb-is-root-container\"><div class=\"uagb-container-inner-blocks-wrap\">\n<div class=\"wp-block-uagb-info-box uagb-block-f82be2e0 uagb-infobox__content-wrap  uagb-infobox-icon-above-title uagb-infobox-image-valign-top\"><div class=\"uagb-ifb-content\"><div class=\"uagb-ifb-title-wrap\"><h3 class=\"uagb-ifb-title\">Vollst\u00e4ndiges Sortiment der Prodmar Wall Collection und Acrovyn<\/h3><\/div><\/div><\/div>\n\n\n\n<div class=\"wp-block-uagb-container uagb-block-be70605f alignfull uagb-is-root-container\"><div class=\"uagb-container-inner-blocks-wrap\">\n<div class=\"wp-block-uagb-container uagb-block-f638dedf\">\n<div class=\"wp-block-uagb-image uagb-block-fd6e965e wp-block-uagb-image--layout-default wp-block-uagb-image--effect-static wp-block-uagb-image--align-none\"><figure class=\"wp-block-uagb-image__figure\"><img decoding=\"async\" srcset=\"https:\/\/prodmar.com\/wp-content\/uploads\/2024\/12\/strona-katalogu.png ,https:\/\/prodmar.com\/wp-content\/uploads\/2024\/12\/strona-katalogu.png 780w, https:\/\/prodmar.com\/wp-content\/uploads\/2024\/12\/strona-katalogu.png 360w\" sizes=\"auto, (max-width: 480px) 150px\" src=\"https:\/\/prodmar.com\/wp-content\/uploads\/2024\/12\/strona-katalogu.png\" alt=\"\" class=\"uag-image-924\" width=\"459\" height=\"648\" title=\"Katalogseite\" loading=\"lazy\" role=\"img\"\/><\/figure><\/div>\n<\/div>\n\n\n\n<div class=\"wp-block-uagb-container uagb-block-4963e204\">\n<div class=\"wp-block-essential-blocks-infobox  root-eb-infobox-hnhsb\"><div class=\"eb-parent-wrapper eb-parent-eb-infobox-hnhsb\"><div class=\"eb-infobox-hnhsb eb-infobox-wrapper\"><div class=\"infobox-wrapper-inner\"><div class=\"icon-img-wrapper\"><div class=\"eb-icon number-or-icon\"><span class=\"dashicon dashicons dashicons-pdf eb-infobox-icon-data-selector\"><\/span><\/div><\/div><div class=\"contents-wrapper\"><h2 class=\"title\">Katalog zum Schutz von Wandprodukten<\/h2><p class=\"description\">Hier k\u00f6nnen Sie einen Katalog von Wandschutzprodukten mit technischen Details herunterladen.<\/p><div class=\"eb-button-inner-wrapper eb-infobox-btn-wrapper\"><a class=\"eb-button-anchor infobox-btn\" href=\"https:\/\/prodmar.com\/wp-content\/uploads\/2025\/02\/KATALOG-ACROVYN-2022-PL.pdf\" download rel=\"noopener\">Herunterladen<\/a><\/div><\/div><\/div><\/div><\/div><\/div>\n<\/div>\n<\/div><\/div>\n<\/div><\/div>","protected":false},"excerpt":{"rendered":"<p>Odbojnica 200W\u200b Odbojnice z gumy EPDM 200 mm s\u0105 odporne nawet na najci\u0119\u017csze uderzenia wyst\u0119puj\u0105ce na zapleczach budynk\u00f3w i w [&hellip;]<\/p>\n","protected":false},"author":1,"featured_media":0,"parent":796,"menu_order":0,"comment_status":"closed","ping_status":"closed","template":"","meta":{"_eb_attr":"","_uag_custom_page_level_css":"","site-sidebar-layout":"default","site-content-layout":"","ast-site-content-layout":"","site-content-style":"default","site-sidebar-style":"default","ast-global-header-display":"","ast-banner-title-visibility":"","ast-main-header-display":"","ast-hfb-above-header-display":"","ast-hfb-below-header-display":"","ast-hfb-mobile-header-display":"","site-post-title":"disabled","ast-breadcrumbs-content":"","ast-featured-img":"","footer-sml-layout":"","theme-transparent-header-meta":"","adv-header-id-meta":"","stick-header-meta":"","header-above-stick-meta":"","header-main-stick-meta":"","header-below-stick-meta":"","astra-migrate-meta-layouts":"default","ast-page-background-enabled":"default","ast-page-background-meta":{"desktop":{"background-color":"var(--ast-global-color-4)","background-image":"","background-repeat":"repeat","background-position":"center center","background-size":"auto","background-attachment":"scroll","background-type":"","background-media":"","overlay-type":"","overlay-color":"","overlay-opacity":"","overlay-gradient":""},"tablet":{"background-color":"","background-image":"","background-repeat":"repeat","background-position":"center center","background-size":"auto","background-attachment":"scroll","background-type":"","background-media":"","overlay-type":"","overlay-color":"","overlay-opacity":"","overlay-gradient":""},"mobile":{"background-color":"","background-image":"","background-repeat":"repeat","background-position":"center center","background-size":"auto","background-attachment":"scroll","background-type":"","background-media":"","overlay-type":"","overlay-color":"","overlay-opacity":"","overlay-gradient":""}},"ast-content-background-meta":{"desktop":{"background-color":"var(--ast-global-color-5)","background-image":"","background-repeat":"repeat","background-position":"center center","background-size":"auto","background-attachment":"scroll","background-type":"","background-media":"","overlay-type":"","overlay-color":"","overlay-opacity":"","overlay-gradient":""},"tablet":{"background-color":"var(--ast-global-color-5)","background-image":"","background-repeat":"repeat","background-position":"center center","background-size":"auto","background-attachment":"scroll","background-type":"","background-media":"","overlay-type":"","overlay-color":"","overlay-opacity":"","overlay-gradient":""},"mobile":{"background-color":"var(--ast-global-color-5)","background-image":"","background-repeat":"repeat","background-position":"center center","background-size":"auto","background-attachment":"scroll","background-type":"","background-media":"","overlay-type":"","overlay-color":"","overlay-opacity":"","overlay-gradient":""}},"footnotes":""},"class_list":["post-1215","page","type-page","status-publish","hentry"],"uagb_featured_image_src":{"full":false,"thumbnail":false,"medium":false,"medium_large":false,"large":false,"1536x1536":false,"2048x2048":false,"trp-custom-language-flag":false,"depicter-thumbnail":false},"uagb_author_info":{"display_name":"admin","author_link":"https:\/\/prodmar.com\/de\/author\/admin\/"},"uagb_comment_info":0,"uagb_excerpt":"Odbojnica 200W\u200b Odbojnice z gumy EPDM 200 mm s\u0105 odporne nawet na najci\u0119\u017csze uderzenia wyst\u0119puj\u0105ce na zapleczach budynk\u00f3w i w [&hellip;]","_links":{"self":[{"href":"https:\/\/prodmar.com\/de\/wp-json\/wp\/v2\/pages\/1215","targetHints":{"allow":["GET"]}}],"collection":[{"href":"https:\/\/prodmar.com\/de\/wp-json\/wp\/v2\/pages"}],"about":[{"href":"https:\/\/prodmar.com\/de\/wp-json\/wp\/v2\/types\/page"}],"author":[{"embeddable":true,"href":"https:\/\/prodmar.com\/de\/wp-json\/wp\/v2\/users\/1"}],"replies":[{"embeddable":true,"href":"https:\/\/prodmar.com\/de\/wp-json\/wp\/v2\/comments?post=1215"}],"version-history":[{"count":11,"href":"https:\/\/prodmar.com\/de\/wp-json\/wp\/v2\/pages\/1215\/revisions"}],"predecessor-version":[{"id":3210,"href":"https:\/\/prodmar.com\/de\/wp-json\/wp\/v2\/pages\/1215\/revisions\/3210"}],"up":[{"embeddable":true,"href":"https:\/\/prodmar.com\/de\/wp-json\/wp\/v2\/pages\/796"}],"wp:attachment":[{"href":"https:\/\/prodmar.com\/de\/wp-json\/wp\/v2\/media?parent=1215"}],"curies":[{"name":"wp","href":"https:\/\/api.w.org\/{rel}","templated":true}]}}