{"id":1631,"date":"2024-12-17T12:55:46","date_gmt":"2024-12-17T11:55:46","guid":{"rendered":"https:\/\/prodmar.eu\/?page_id=1631"},"modified":"2025-06-18T13:54:03","modified_gmt":"2025-06-18T11:54:03","slug":"bodendehnungsfugen","status":"publish","type":"page","link":"https:\/\/prodmar.com\/de\/dylatacje-profile-dylatacyjne-listwy-oslony-szczeln\/dylatacje-podlogowe\/","title":{"rendered":"Boden-Dehnungsfugen"},"content":{"rendered":"<div class=\"wp-block-uagb-container uagb-block-a116eddc alignfull uagb-is-root-container\"><div class=\"uagb-container-inner-blocks-wrap\">\n<div class=\"wp-block-uagb-container uagb-block-29a884e7\">\n<div class=\"wp-block-uagb-info-box uagb-block-c2b004f8 uagb-infobox__content-wrap  uagb-infobox-icon-above-title uagb-infobox-image-valign-top\"><div class=\"uagb-ifb-content\"><div class=\"uagb-ifb-title-wrap\"><h2 class=\"uagb-ifb-title-prefix\"><strong>FloorPro Linie<\/strong>&nbsp;<\/h2><div class=\"uagb-ifb-separator\"><\/div><h5 class=\"uagb-ifb-title\">  Bodenspreizlatten<\/h5><\/div><p class=\"uagb-ifb-desc\">     Die Auswahl der Dehnungsprofile ist oft ein entscheidender Schritt bei der Erstellung eines Lastenheftes f\u00fcr einen Auftrag, da ihre Arbeit sowohl f\u00fcr die Nutzer als auch f\u00fcr das Geb\u00e4ude selbst von gro\u00dfer Bedeutung ist.<br>Bei der Auswahl von Bodenausgleichsleisten sind \u00e4sthetische Vorlieben und die Anforderung, dass die Leiste b\u00fcndig mit dem Boden abschlie\u00dft, ebenso wichtig wie die Bewegung von Warenwagen und Hygieneanforderungen, insbesondere in medizinischen Einrichtungen.<\/p><\/div><\/div>\n<\/div>\n\n\n\n<div class=\"wp-block-uagb-container uagb-block-6e5fe4a5\">\n<div class=\"wp-block-uagb-container uagb-block-eb091ae9\">\n<div class=\"wp-block-uagb-image aligncenter uagb-block-d620e44f wp-block-uagb-image--layout-default wp-block-uagb-image--effect-static wp-block-uagb-image--align-center alignleft\"><figure class=\"wp-block-uagb-image__figure\"><img decoding=\"async\" srcset=\"https:\/\/prodmar.com\/wp-content\/uploads\/2024\/12\/Podlogowe-dylatacje.jpg ,https:\/\/prodmar.com\/wp-content\/uploads\/2024\/12\/Podlogowe-dylatacje.jpg 780w, https:\/\/prodmar.com\/wp-content\/uploads\/2024\/12\/Podlogowe-dylatacje.jpg 360w\" sizes=\"auto, (max-width: 480px) 150px\" src=\"https:\/\/prodmar.com\/wp-content\/uploads\/2024\/12\/Podlogowe-dylatacje.jpg\" alt=\"\" class=\"uag-image-1637\" width=\"515\" height=\"575\" title=\"***WIR D\u00dcRFEN DEN NAMEN DER EINRICHTUNG IN KEINER VER\u00d6FFENTLICHUNG VERWENDEN***\" loading=\"lazy\" role=\"img\"\/><\/figure><\/div>\n<\/div>\n<\/div>\n<\/div><\/div>\n\n\n\n<div class=\"wp-block-uagb-container uagb-block-d75d3373 alignfull uagb-is-root-container\"><div class=\"uagb-container-inner-blocks-wrap\">\n<div class=\"wp-block-uagb-info-box uagb-block-392b34b0 uagb-infobox__content-wrap  uagb-infobox-icon-above-title uagb-infobox-image-valign-top\"><div class=\"uagb-ifb-content\"><div class=\"uagb-ifb-title-wrap\"><h3 class=\"uagb-ifb-title\"><strong>FloorPro Linie<\/strong> - Bodenspreizlatten<\/h3><\/div><p class=\"uagb-ifb-desc\">Eine breite Palette von Bodenprofilen, von einfachen Sockelleisten \u00fcber solche mit Elastomer bis hin zu Ganzmetallabdeckungen. Kann auf die Anforderungen eines jeden Projekts zugeschnitten werden.<\/p><\/div><\/div>\n<\/div><\/div>\n\n\n\n<div class=\"wp-block-uagb-container uagb-block-993fa089 alignfull uagb-is-root-container\">\n<div class=\"wp-block-uagb-container uagb-block-39533ac6 alignfull uagb-is-root-container\"><div class=\"uagb-container-inner-blocks-wrap\">\n<div class=\"wp-block-uagb-container uagb-block-c5d4d80b\">\n<div class=\"wp-block-uagb-buttons uagb-buttons__outer-wrap uagb-btn__default-btn uagb-btn-tablet__default-btn uagb-btn-mobile__default-btn uagb-block-1bbeaad8\"><div class=\"uagb-buttons__wrap uagb-buttons-layout-wrap\">\n<div class=\"wp-block-uagb-buttons-child uagb-buttons__outer-wrap uagb-block-ad1de6d1 wp-block-button\"><div class=\"uagb-button__wrapper\"><a class=\"uagb-buttons-repeater wp-block-button__link\" aria-label=\"\" href=\"https:\/\/prodmar.com\/wp-content\/uploads\/2024\/12\/Prodmar-dylatacje-katalog-19.pdf\" rel=\"follow noopener\" target=\"_blank\" role=\"button\"><span class=\"uagb-button__icon uagb-button__icon-position-before\"><svg xmlns=\"https:\/\/www.w3.org\/2000\/svg\" viewbox=\"0 0 384 512\" aria-hidden=\"true\" focussable=\"false\"><path d=\"M169.4 278.6C175.6 284.9 183.8 288 192 288s16.38-3.125 22.62-9.375l160-160c12.5-12.5 12.5-32.75 0-45.25s-32.75-12.5-45.25 0L192 210.8L54.63 73.38c-12.5-12.5-32.75-12.5-45.25 0s-12.5 32.75 0 45.25L169.4 278.6zM329.4 265.4L192 402.8L54.63 265.4c-12.5-12.5-32.75-12.5-45.25 0s-12.5 32.75 0 45.25l160 160C175.6 476.9 183.8 480 192 480s16.38-3.125 22.62-9.375l160-160c12.5-12.5 12.5-32.75 0-45.25S341.9 252.9 329.4 265.4z\"><\/path><\/svg><\/span><div class=\"uagb-button__link\">Den Katalog herunterladen<\/div><\/a><\/div><\/div>\n<\/div><\/div>\n<\/div>\n\n\n\n<div class=\"wp-block-uagb-container uagb-block-29a5816a\">\n<div class=\"wp-block-uagb-buttons uagb-buttons__outer-wrap uagb-btn__default-btn uagb-btn-tablet__default-btn uagb-btn-mobile__default-btn uagb-block-12d48a19\"><div class=\"uagb-buttons__wrap uagb-buttons-layout-wrap\">\n<div class=\"wp-block-uagb-buttons-child uagb-buttons__outer-wrap uagb-block-ec9f9583 wp-block-button\"><div class=\"uagb-button__wrapper\"><a class=\"uagb-buttons-repeater wp-block-button__link\" aria-label=\"\" href=\"https:\/\/prodmar.com\/de\/kontaktv2\/\" rel=\"follow noopener\" target=\"_self\" role=\"button\"><span class=\"uagb-button__icon uagb-button__icon-position-before\"><svg xmlns=\"https:\/\/www.w3.org\/2000\/svg\" viewbox=\"0 0 384 512\" aria-hidden=\"true\" focussable=\"false\"><path d=\"M169.4 278.6C175.6 284.9 183.8 288 192 288s16.38-3.125 22.62-9.375l160-160c12.5-12.5 12.5-32.75 0-45.25s-32.75-12.5-45.25 0L192 210.8L54.63 73.38c-12.5-12.5-32.75-12.5-45.25 0s-12.5 32.75 0 45.25L169.4 278.6zM329.4 265.4L192 402.8L54.63 265.4c-12.5-12.5-32.75-12.5-45.25 0s-12.5 32.75 0 45.25l160 160C175.6 476.9 183.8 480 192 480s16.38-3.125 22.62-9.375l160-160c12.5-12.5 12.5-32.75 0-45.25S341.9 252.9 329.4 265.4z\"><\/path><\/svg><\/span><div class=\"uagb-button__link\">Fragen Sie nach dem Preis<\/div><\/a><\/div><\/div>\n<\/div><\/div>\n<\/div>\n\n\n\n<div class=\"wp-block-uagb-container uagb-block-26e9303c\">\n<div class=\"wp-block-uagb-buttons uagb-buttons__outer-wrap uagb-btn__default-btn uagb-btn-tablet__default-btn uagb-btn-mobile__default-btn uagb-block-f1a97e1b\"><div class=\"uagb-buttons__wrap uagb-buttons-layout-wrap\">\n<div class=\"wp-block-uagb-buttons-child uagb-buttons__outer-wrap uagb-block-5d09ba1a wp-block-button\"><div class=\"uagb-button__wrapper\"><a class=\"uagb-buttons-repeater wp-block-button__link\" aria-label=\"\" href=\"https:\/\/prodmar.com\/de\/kontaktv2\/\" rel=\"follow noopener\" target=\"_self\" role=\"button\"><span class=\"uagb-button__icon uagb-button__icon-position-before\"><svg xmlns=\"https:\/\/www.w3.org\/2000\/svg\" viewbox=\"0 0 384 512\" aria-hidden=\"true\" focussable=\"false\"><path d=\"M169.4 278.6C175.6 284.9 183.8 288 192 288s16.38-3.125 22.62-9.375l160-160c12.5-12.5 12.5-32.75 0-45.25s-32.75-12.5-45.25 0L192 210.8L54.63 73.38c-12.5-12.5-32.75-12.5-45.25 0s-12.5 32.75 0 45.25L169.4 278.6zM329.4 265.4L192 402.8L54.63 265.4c-12.5-12.5-32.75-12.5-45.25 0s-12.5 32.75 0 45.25l160 160C175.6 476.9 183.8 480 192 480s16.38-3.125 22.62-9.375l160-160c12.5-12.5 12.5-32.75 0-45.25S341.9 252.9 329.4 265.4z\"><\/path><\/svg><\/span><div class=\"uagb-button__link\">Eine Frage stellen<\/div><\/a><\/div><\/div>\n<\/div><\/div>\n<\/div>\n\n\n\n<div class=\"wp-block-uagb-container uagb-block-21aafa06\">\n<div class=\"wp-block-uagb-buttons uagb-buttons__outer-wrap uagb-btn__default-btn uagb-btn-tablet__default-btn uagb-btn-mobile__default-btn uagb-block-059ca9cd\"><div class=\"uagb-buttons__wrap uagb-buttons-layout-wrap\">\n<div class=\"wp-block-uagb-buttons-child uagb-buttons__outer-wrap uagb-block-78d6aa37 wp-block-button\"><div class=\"uagb-button__wrapper\"><a class=\"uagb-buttons-repeater wp-block-button__link\" aria-label=\"\" href=\"https:\/\/prodmar.com\/wp-content\/uploads\/2024\/12\/Prodmar-dylatacje-katalog-19.pdf\" rel=\"follow noopener\" target=\"_blank\" role=\"button\"><span class=\"uagb-button__icon uagb-button__icon-position-before\"><svg xmlns=\"https:\/\/www.w3.org\/2000\/svg\" viewbox=\"0 0 384 512\" aria-hidden=\"true\" focussable=\"false\"><path d=\"M169.4 278.6C175.6 284.9 183.8 288 192 288s16.38-3.125 22.62-9.375l160-160c12.5-12.5 12.5-32.75 0-45.25s-32.75-12.5-45.25 0L192 210.8L54.63 73.38c-12.5-12.5-32.75-12.5-45.25 0s-12.5 32.75 0 45.25L169.4 278.6zM329.4 265.4L192 402.8L54.63 265.4c-12.5-12.5-32.75-12.5-45.25 0s-12.5 32.75 0 45.25l160 160C175.6 476.9 183.8 480 192 480s16.38-3.125 22.62-9.375l160-160c12.5-12.5 12.5-32.75 0-45.25S341.9 252.9 329.4 265.4z\"><\/path><\/svg><\/span><div class=\"uagb-button__link\">Herunterladen<\/div><\/a><\/div><\/div>\n<\/div><\/div>\n<\/div>\n<\/div><\/div>\n<\/div>\n\n\n\n<div class=\"wp-block-uagb-container uagb-block-014ca70f alignfull uagb-is-root-container\"><div class=\"uagb-container-inner-blocks-wrap\">\n<div class=\"wp-block-uagb-container uagb-block-92cc583a\">\n<div class=\"wp-block-uagb-image uagb-block-75980fa1 wp-block-uagb-image--layout-default wp-block-uagb-image--effect-static wp-block-uagb-image--align-none\"><figure class=\"wp-block-uagb-image__figure\"><a class=\"\" href=\"https:\/\/prodmar.com\/de\/elastomer-bodendehnungsfugen\/\" target=\"\" rel=\"noopener\"><img decoding=\"async\" srcset=\"https:\/\/prodmar.com\/wp-content\/uploads\/2024\/12\/GFT.png ,https:\/\/prodmar.com\/wp-content\/uploads\/2024\/12\/GFT.png 780w, https:\/\/prodmar.com\/wp-content\/uploads\/2024\/12\/GFT.png 360w\" sizes=\"auto, (max-width: 480px) 150px\" src=\"https:\/\/prodmar.com\/wp-content\/uploads\/2024\/12\/GFT.png\" alt=\"\" class=\"uag-image-1644\" width=\"300\" height=\"250\" title=\"GFT\" loading=\"lazy\" role=\"img\"\/><\/a><\/figure><\/div>\n\n\n\n<div class=\"wp-block-uagb-info-box uagb-block-d12e2379 uagb-infobox__content-wrap  uagb-infobox-icon-above-title uagb-infobox-image-valign-top\"><div class=\"uagb-ifb-content\"><div class=\"uagb-ifb-title-wrap\"><h3 class=\"uagb-ifb-title\">Dehnungsfugenstreifen<br>mit Elastomer<\/h3><\/div><div class=\"uagb-ifb-separator\"><\/div><p class=\"uagb-ifb-desc\">Das elastomerbest\u00fcckte Dehnungsfugenprofil hat eine Mindestfreilegungsfl\u00e4che und ein Dichtungselastomer, das das Eindringen von Schmutz verhindert. Geeignet f\u00fcr Fugen bis zu 135 mm Breite, Bewegungsausgleich \u00b138 mm.<\/p><\/div><\/div>\n\n\n\n<div class=\"wp-block-uagb-buttons uagb-buttons__outer-wrap uagb-btn__default-btn uagb-btn-tablet__default-btn uagb-btn-mobile__default-btn uagb-block-68c4d4fb\"><div class=\"uagb-buttons__wrap uagb-buttons-layout-wrap\">\n<div class=\"wp-block-uagb-buttons-child uagb-buttons__outer-wrap uagb-block-4d60674c wp-block-button\"><div class=\"uagb-button__wrapper\"><a class=\"uagb-buttons-repeater wp-block-button__link\" aria-label=\"\" href=\"https:\/\/prodmar.com\/de\/elastomer-bodendehnungsfugen\/\" rel=\"follow noopener\" target=\"_self\" role=\"button\"><div class=\"uagb-button__link\">Mehr lesen<\/div><span class=\"uagb-button__icon uagb-button__icon-position-after\"><svg xmlns=\"https:\/\/www.w3.org\/2000\/svg\" viewbox=\"0 0 448 512\" aria-hidden=\"true\" focussable=\"false\"><path d=\"M438.6 278.6l-160 160C272.4 444.9 264.2 448 256 448s-16.38-3.125-22.62-9.375c-12.5-12.5-12.5-32.75 0-45.25L338.8 288H32C14.33 288 .0016 273.7 .0016 256S14.33 224 32 224h306.8l-105.4-105.4c-12.5-12.5-12.5-32.75 0-45.25s32.75-12.5 45.25 0l160 160C451.1 245.9 451.1 266.1 438.6 278.6z\"><\/path><\/svg><\/span><\/a><\/div><\/div>\n<\/div><\/div>\n<\/div>\n\n\n\n<div class=\"wp-block-uagb-container uagb-block-d3ea786d\">\n<div class=\"wp-block-uagb-image uagb-block-e23d316e wp-block-uagb-image--layout-default wp-block-uagb-image--effect-static wp-block-uagb-image--align-none\"><figure class=\"wp-block-uagb-image__figure\"><a class=\"\" href=\"https:\/\/prodmar.com\/de\/bodenausgleichsleisten\/\" target=\"\" rel=\"noopener\"><img decoding=\"async\" srcset=\"https:\/\/prodmar.com\/wp-content\/uploads\/2024\/12\/APF.png ,https:\/\/prodmar.com\/wp-content\/uploads\/2024\/12\/APF.png 780w, https:\/\/prodmar.com\/wp-content\/uploads\/2024\/12\/APF.png 360w\" sizes=\"auto, (max-width: 480px) 150px\" src=\"https:\/\/prodmar.com\/wp-content\/uploads\/2024\/12\/APF.png\" alt=\"\" class=\"uag-image-1643\" width=\"300\" height=\"250\" title=\"ALP\" loading=\"lazy\" role=\"img\"\/><\/a><\/figure><\/div>\n\n\n\n<div class=\"wp-block-uagb-info-box uagb-block-69709b4b uagb-infobox__content-wrap  uagb-infobox-icon-above-title uagb-infobox-image-valign-top\"><div class=\"uagb-ifb-content\"><div class=\"uagb-ifb-title-wrap\"><h3 class=\"uagb-ifb-title\">Dehnungsfugenstreifen <br>Metall<\/h3><\/div><div class=\"uagb-ifb-separator\"><\/div><p class=\"uagb-ifb-desc\">Die Serie der Metallbodenleisten erfordert nur wenige Eingaben und bietet einen Bewegungsausgleich von bis zu \u00b1100 mm und eine Druckfestigkeit von bis zu 100%.<\/p><\/div><\/div>\n\n\n\n<div class=\"wp-block-uagb-buttons uagb-buttons__outer-wrap uagb-btn__default-btn uagb-btn-tablet__default-btn uagb-btn-mobile__default-btn uagb-block-f9ab91a1\"><div class=\"uagb-buttons__wrap uagb-buttons-layout-wrap\">\n<div class=\"wp-block-uagb-buttons-child uagb-buttons__outer-wrap uagb-block-3b9ee76b wp-block-button\"><div class=\"uagb-button__wrapper\"><a class=\"uagb-buttons-repeater wp-block-button__link\" aria-label=\"\" href=\"https:\/\/prodmar.com\/de\/bodenausgleichsleisten\/\" rel=\"follow noopener\" target=\"_self\" role=\"button\"><div class=\"uagb-button__link\">Mehr lesen<\/div><span class=\"uagb-button__icon uagb-button__icon-position-after\"><svg xmlns=\"https:\/\/www.w3.org\/2000\/svg\" viewbox=\"0 0 448 512\" aria-hidden=\"true\" focussable=\"false\"><path d=\"M438.6 278.6l-160 160C272.4 444.9 264.2 448 256 448s-16.38-3.125-22.62-9.375c-12.5-12.5-12.5-32.75 0-45.25L338.8 288H32C14.33 288 .0016 273.7 .0016 256S14.33 224 32 224h306.8l-105.4-105.4c-12.5-12.5-12.5-32.75 0-45.25s32.75-12.5 45.25 0l160 160C451.1 245.9 451.1 266.1 438.6 278.6z\"><\/path><\/svg><\/span><\/a><\/div><\/div>\n<\/div><\/div>\n<\/div>\n\n\n\n<div class=\"wp-block-uagb-container uagb-block-8a250e91\">\n<div class=\"wp-block-uagb-image uagb-block-af14f4a2 wp-block-uagb-image--layout-default wp-block-uagb-image--effect-static wp-block-uagb-image--align-none\"><figure class=\"wp-block-uagb-image__figure\"><a class=\"\" href=\"https:\/\/prodmar.com\/de\/unterbodenschutzleisten\/\" target=\"\" rel=\"noopener\"><img decoding=\"async\" srcset=\"https:\/\/prodmar.com\/wp-content\/uploads\/2024\/12\/ALP-150x130.png ,https:\/\/prodmar.com\/wp-content\/uploads\/2024\/12\/ALP.png 780w, https:\/\/prodmar.com\/wp-content\/uploads\/2024\/12\/ALP.png 360w\" sizes=\"auto, (max-width: 480px) 150px\" src=\"https:\/\/prodmar.com\/wp-content\/uploads\/2024\/12\/ALP-150x130.png\" alt=\"\" class=\"uag-image-1642\" width=\"300\" height=\"250\" title=\"ALP\" loading=\"lazy\" role=\"img\"\/><\/a><\/figure><\/div>\n\n\n\n<div class=\"wp-block-uagb-info-box uagb-block-af2731bc uagb-infobox__content-wrap  uagb-infobox-icon-above-title uagb-infobox-image-valign-top\"><div class=\"uagb-ifb-content\"><div class=\"uagb-ifb-title-wrap\"><h3 class=\"uagb-ifb-title\">Dehnungsfugenstreifen<br>Maskierung<\/h3><\/div><div class=\"uagb-ifb-separator\"><\/div><p class=\"uagb-ifb-desc\">Bodenabdeckstreifen sind eine einfache, kosteng\u00fcnstige L\u00f6sung zur Abdeckung von Dehnungsfugen. Sie sind mit einfach zu verlegenden \u00dcberg\u00e4ngen ausgestattet und f\u00fcr wenig beanspruchte Bereiche konzipiert.<\/p><\/div><\/div>\n\n\n\n<div class=\"wp-block-uagb-buttons uagb-buttons__outer-wrap uagb-btn__default-btn uagb-btn-tablet__default-btn uagb-btn-mobile__default-btn uagb-block-7a315ad0\"><div class=\"uagb-buttons__wrap uagb-buttons-layout-wrap\">\n<div class=\"wp-block-uagb-buttons-child uagb-buttons__outer-wrap uagb-block-86018bf5 wp-block-button\"><div class=\"uagb-button__wrapper\"><a class=\"uagb-buttons-repeater wp-block-button__link\" aria-label=\"\" href=\"https:\/\/prodmar.com\/de\/unterbodenschutzleisten\/\" rel=\"follow noopener\" target=\"_self\" role=\"button\"><div class=\"uagb-button__link\">Mehr lesen<\/div><span class=\"uagb-button__icon uagb-button__icon-position-after\"><svg xmlns=\"https:\/\/www.w3.org\/2000\/svg\" viewbox=\"0 0 448 512\" aria-hidden=\"true\" focussable=\"false\"><path d=\"M438.6 278.6l-160 160C272.4 444.9 264.2 448 256 448s-16.38-3.125-22.62-9.375c-12.5-12.5-12.5-32.75 0-45.25L338.8 288H32C14.33 288 .0016 273.7 .0016 256S14.33 224 32 224h306.8l-105.4-105.4c-12.5-12.5-12.5-32.75 0-45.25s32.75-12.5 45.25 0l160 160C451.1 245.9 451.1 266.1 438.6 278.6z\"><\/path><\/svg><\/span><\/a><\/div><\/div>\n<\/div><\/div>\n<\/div>\n<\/div><\/div>\n\n\n\n<div class=\"wp-block-uagb-container uagb-layout-flex uagb-block-b5e95f64 alignfull uagb-is-root-container\"><div class=\"uagb-container-inner-blocks-wrap\">\n<div class=\"wp-block-uagb-info-box uagb-block-f82be2e0 uagb-infobox__content-wrap  uagb-infobox-icon-above-title uagb-infobox-image-valign-top\"><div class=\"uagb-ifb-content\"><div class=\"uagb-ifb-title-wrap\"><h3 class=\"uagb-ifb-title\">Komplettes Sortiment an Dehnungsfugenformteilen - <strong>AluJoint ProLine<\/strong><\/h3><\/div><\/div><\/div>\n\n\n\n<div class=\"wp-block-uagb-container uagb-block-be70605f alignfull uagb-is-root-container\"><div class=\"uagb-container-inner-blocks-wrap\">\n<div class=\"wp-block-uagb-container uagb-block-f638dedf\">\n<div class=\"wp-block-uagb-image uagb-block-fd6e965e wp-block-uagb-image--layout-default wp-block-uagb-image--effect-static wp-block-uagb-image--align-none\"><figure class=\"wp-block-uagb-image__figure\"><a class=\"\" href=\"https:\/\/prodmar.com\/wp-content\/uploads\/2024\/12\/Prodmar-dylatacje-katalog-19.pdf\" target=\"\" rel=\"noopener\"><img decoding=\"async\" srcset=\"https:\/\/prodmar.com\/wp-content\/uploads\/2024\/12\/DYLATACJE_2018-01-1-scaled.jpg ,https:\/\/prodmar.com\/wp-content\/uploads\/2024\/12\/DYLATACJE_2018-01-1-scaled.jpg 780w, https:\/\/prodmar.com\/wp-content\/uploads\/2024\/12\/DYLATACJE_2018-01-1-scaled.jpg 360w\" sizes=\"auto, (max-width: 480px) 150px\" src=\"https:\/\/prodmar.com\/wp-content\/uploads\/2024\/12\/DYLATACJE_2018-01-1-scaled.jpg\" alt=\"\" class=\"uag-image-1745\" width=\"460\" height=\"650\" title=\"Katalog_Dilatation\" loading=\"lazy\" role=\"img\"\/><\/a><\/figure><\/div>\n<\/div>\n\n\n\n<div class=\"wp-block-uagb-container uagb-block-4963e204\">\n<div class=\"wp-block-essential-blocks-infobox  root-eb-infobox-hnhsb\"><div class=\"eb-parent-wrapper eb-parent-eb-infobox-hnhsb\"><div class=\"eb-infobox-hnhsb eb-infobox-wrapper\"><div class=\"infobox-wrapper-inner\"><div class=\"icon-img-wrapper\"><div class=\"eb-icon number-or-icon\"><span class=\"dashicon dashicons dashicons-pdf eb-infobox-icon-data-selector\"><\/span><\/div><\/div><div class=\"contents-wrapper\"><h2 class=\"title\">Katalog der Dehnungsfugenformteile<br>AluJoint ProLine<\/h2><p class=\"description\">Hier k\u00f6nnen Sie einen Katalog von Dehnungsfugenformteilen mit technischen Details herunterladen.<\/p><div class=\"eb-button-inner-wrapper eb-infobox-btn-wrapper\"><a class=\"eb-button-anchor infobox-btn\" href=\"https:\/\/prodmar.com\/wp-content\/uploads\/2024\/12\/Prodmar-dylatacje-katalog-19.pdf\" download rel=\"noopener\">Herunterladen<\/a><\/div><\/div><\/div><\/div><\/div><\/div>\n<\/div>\n<\/div><\/div>\n<\/div><\/div>","protected":false},"excerpt":{"rendered":"","protected":false},"author":1,"featured_media":0,"parent":184,"menu_order":0,"comment_status":"closed","ping_status":"closed","template":"","meta":{"_eb_attr":"","_uag_custom_page_level_css":"","site-sidebar-layout":"default","site-content-layout":"","ast-site-content-layout":"","site-content-style":"default","site-sidebar-style":"default","ast-global-header-display":"","ast-banner-title-visibility":"","ast-main-header-display":"","ast-hfb-above-header-display":"","ast-hfb-below-header-display":"","ast-hfb-mobile-header-display":"","site-post-title":"disabled","ast-breadcrumbs-content":"","ast-featured-img":"","footer-sml-layout":"","theme-transparent-header-meta":"","adv-header-id-meta":"","stick-header-meta":"","header-above-stick-meta":"","header-main-stick-meta":"","header-below-stick-meta":"","astra-migrate-meta-layouts":"default","ast-page-background-enabled":"default","ast-page-background-meta":{"desktop":{"background-color":"var(--ast-global-color-4)","background-image":"","background-repeat":"repeat","background-position":"center center","background-size":"auto","background-attachment":"scroll","background-type":"","background-media":"","overlay-type":"","overlay-color":"","overlay-opacity":"","overlay-gradient":""},"tablet":{"background-color":"","background-image":"","background-repeat":"repeat","background-position":"center center","background-size":"auto","background-attachment":"scroll","background-type":"","background-media":"","overlay-type":"","overlay-color":"","overlay-opacity":"","overlay-gradient":""},"mobile":{"background-color":"","background-image":"","background-repeat":"repeat","background-position":"center center","background-size":"auto","background-attachment":"scroll","background-type":"","background-media":"","overlay-type":"","overlay-color":"","overlay-opacity":"","overlay-gradient":""}},"ast-content-background-meta":{"desktop":{"background-color":"var(--ast-global-color-5)","background-image":"","background-repeat":"repeat","background-position":"center center","background-size":"auto","background-attachment":"scroll","background-type":"","background-media":"","overlay-type":"","overlay-color":"","overlay-opacity":"","overlay-gradient":""},"tablet":{"background-color":"var(--ast-global-color-5)","background-image":"","background-repeat":"repeat","background-position":"center center","background-size":"auto","background-attachment":"scroll","background-type":"","background-media":"","overlay-type":"","overlay-color":"","overlay-opacity":"","overlay-gradient":""},"mobile":{"background-color":"var(--ast-global-color-5)","background-image":"","background-repeat":"repeat","background-position":"center center","background-size":"auto","background-attachment":"scroll","background-type":"","background-media":"","overlay-type":"","overlay-color":"","overlay-opacity":"","overlay-gradient":""}},"footnotes":""},"class_list":["post-1631","page","type-page","status-publish","hentry"],"uagb_featured_image_src":{"full":false,"thumbnail":false,"medium":false,"medium_large":false,"large":false,"1536x1536":false,"2048x2048":false,"trp-custom-language-flag":false,"depicter-thumbnail":false},"uagb_author_info":{"display_name":"admin","author_link":"https:\/\/prodmar.com\/de\/author\/admin\/"},"uagb_comment_info":0,"uagb_excerpt":null,"_links":{"self":[{"href":"https:\/\/prodmar.com\/de\/wp-json\/wp\/v2\/pages\/1631","targetHints":{"allow":["GET"]}}],"collection":[{"href":"https:\/\/prodmar.com\/de\/wp-json\/wp\/v2\/pages"}],"about":[{"href":"https:\/\/prodmar.com\/de\/wp-json\/wp\/v2\/types\/page"}],"author":[{"embeddable":true,"href":"https:\/\/prodmar.com\/de\/wp-json\/wp\/v2\/users\/1"}],"replies":[{"embeddable":true,"href":"https:\/\/prodmar.com\/de\/wp-json\/wp\/v2\/comments?post=1631"}],"version-history":[{"count":18,"href":"https:\/\/prodmar.com\/de\/wp-json\/wp\/v2\/pages\/1631\/revisions"}],"predecessor-version":[{"id":3211,"href":"https:\/\/prodmar.com\/de\/wp-json\/wp\/v2\/pages\/1631\/revisions\/3211"}],"up":[{"embeddable":true,"href":"https:\/\/prodmar.com\/de\/wp-json\/wp\/v2\/pages\/184"}],"wp:attachment":[{"href":"https:\/\/prodmar.com\/de\/wp-json\/wp\/v2\/media?parent=1631"}],"curies":[{"name":"wp","href":"https:\/\/api.w.org\/{rel}","templated":true}]}}