{"id":1862,"date":"2024-12-18T22:53:06","date_gmt":"2024-12-18T21:53:06","guid":{"rendered":"https:\/\/prodmar.eu\/?page_id=1862"},"modified":"2025-06-23T12:37:19","modified_gmt":"2025-06-23T10:37:19","slug":"rfp-2","status":"publish","type":"page","link":"https:\/\/prodmar.com\/de\/dylatacje-profile-dylatacyjne-listwy-oslony-szczeln\/listwy-dylatacyjne-parkingowe\/listwy-parkingowe-z-elastomerem\/rfp-2\/","title":{"rendered":"RFP"},"content":{"rendered":"\n<div class=\"wp-block-uagb-container uagb-block-a116eddc alignfull uagb-is-root-container\"><div class=\"uagb-container-inner-blocks-wrap\">\n<div class=\"wp-block-uagb-container uagb-block-29a884e7\">\n<div class=\"wp-block-uagb-info-box uagb-block-c2b004f8 uagb-infobox__content-wrap  uagb-infobox-icon-above-title uagb-infobox-image-valign-top\"><div class=\"uagb-ifb-content\"><div class=\"uagb-ifb-title-wrap\"><h2 class=\"uagb-ifb-title-prefix\">Seria RFP<\/h2><div class=\"uagb-ifb-separator\"><\/div><\/div><p class=\"uagb-ifb-desc\">      Listwy parkingowe z serii RFP s\u0105 prostymi w monta\u017cu profilami sk\u0142adaj\u0105cymi si\u0119 z centralnego wk\u0142adu z elastomeru oraz dw\u00f3ch bocznych nak\u0142adek aluminiowych.<br><br>Ekonomiczne i bardzo skuteczne profile dylatacyjne RFP umo\u017cliwiaj\u0105 kompensacj\u0119 ruch\u00f3w strukturalnych na zat\u0142oczonych parkingach, bez ryzyka uszkodzenia listew.<br><br>Dost\u0119pne w modelach 2 dla po\u0142\u0105cze\u0144 30mm i 50mm.<\/p><\/div><\/div>\n<\/div>\n\n\n\n<div class=\"wp-block-uagb-container uagb-block-6e5fe4a5\">\n<div class=\"wp-block-uagb-container uagb-block-eb091ae9\">\n<div class=\"wp-block-uagb-image aligncenter uagb-block-d620e44f wp-block-uagb-image--layout-default wp-block-uagb-image--effect-static wp-block-uagb-image--align-center alignleft\"><figure class=\"wp-block-uagb-image__figure\"><img decoding=\"async\" srcset=\"https:\/\/prodmar.com\/wp-content\/uploads\/2024\/12\/RFP-1.jpg ,https:\/\/prodmar.com\/wp-content\/uploads\/2024\/12\/RFP-1.jpg 780w, https:\/\/prodmar.com\/wp-content\/uploads\/2024\/12\/RFP-1.jpg 360w\" sizes=\"auto, (max-width: 480px) 150px\" src=\"https:\/\/prodmar.com\/wp-content\/uploads\/2024\/12\/RFP-1.jpg\" alt=\"\" class=\"uag-image-1863\" width=\"515\" height=\"575\" title=\"RFP\" loading=\"lazy\" role=\"img\"\/><\/figure><\/div>\n<\/div>\n<\/div>\n<\/div><\/div>\n\n\n\n<div class=\"wp-block-uagb-container uagb-block-d75d3373 alignfull uagb-is-root-container\"><div class=\"uagb-container-inner-blocks-wrap\">\n<div class=\"wp-block-uagb-info-box uagb-block-392b34b0 uagb-infobox__content-wrap  uagb-infobox-icon-above-title uagb-infobox-image-valign-top\"><div class=\"uagb-ifb-content\"><div class=\"uagb-ifb-title-wrap\"><h3 class=\"uagb-ifb-title\">ParkingPro LIne &#8211; Listwy dylatacyjne parkingowe<\/h3><\/div><p class=\"uagb-ifb-desc\">Nasza oferta system\u00f3w dylatacyjnych przeznaczonych dla zadaszonych parking\u00f3w, sk\u0142adaj\u0105ca si\u0119 z metalowych profili z elastycznym uszczelnieniem z tworzywa EPDM.<\/p><\/div><\/div>\n<\/div><\/div>\n\n\n\n<div class=\"wp-block-uagb-container uagb-block-993fa089 alignfull uagb-is-root-container\">\n<div class=\"wp-block-uagb-container uagb-block-39533ac6 alignfull uagb-is-root-container\"><div class=\"uagb-container-inner-blocks-wrap\">\n<div class=\"wp-block-uagb-container uagb-block-c5d4d80b\">\n<div class=\"wp-block-uagb-buttons uagb-buttons__outer-wrap uagb-btn__default-btn uagb-btn-tablet__default-btn uagb-btn-mobile__default-btn uagb-block-1bbeaad8\"><div class=\"uagb-buttons__wrap uagb-buttons-layout-wrap \">\n<div class=\"wp-block-uagb-buttons-child uagb-buttons__outer-wrap uagb-block-ad1de6d1 wp-block-button\"><div class=\"uagb-button__wrapper\"><a class=\"uagb-buttons-repeater wp-block-button__link\" aria-label=\"\" href=\"https:\/\/prodmar.com\/wp-content\/uploads\/2024\/12\/Prodmar-dylatacje-katalog-19.pdf\" rel=\"follow noopener\" target=\"_blank\" role=\"button\"><span class=\"uagb-button__icon uagb-button__icon-position-before\"><svg xmlns=\"https:\/\/www.w3.org\/2000\/svg\" viewBox=\"0 0 384 512\" aria-hidden=\"true\" focussable=\"false\"><path d=\"M169.4 278.6C175.6 284.9 183.8 288 192 288s16.38-3.125 22.62-9.375l160-160c12.5-12.5 12.5-32.75 0-45.25s-32.75-12.5-45.25 0L192 210.8L54.63 73.38c-12.5-12.5-32.75-12.5-45.25 0s-12.5 32.75 0 45.25L169.4 278.6zM329.4 265.4L192 402.8L54.63 265.4c-12.5-12.5-32.75-12.5-45.25 0s-12.5 32.75 0 45.25l160 160C175.6 476.9 183.8 480 192 480s16.38-3.125 22.62-9.375l160-160c12.5-12.5 12.5-32.75 0-45.25S341.9 252.9 329.4 265.4z\"><\/path><\/svg><\/span><div class=\"uagb-button__link\">Pobierz katalog<\/div><\/a><\/div><\/div>\n<\/div><\/div>\n<\/div>\n\n\n\n<div class=\"wp-block-uagb-container uagb-block-29a5816a\">\n<div class=\"wp-block-uagb-buttons uagb-buttons__outer-wrap uagb-btn__default-btn uagb-btn-tablet__default-btn uagb-btn-mobile__default-btn uagb-block-12d48a19\"><div class=\"uagb-buttons__wrap uagb-buttons-layout-wrap \">\n<div class=\"wp-block-uagb-buttons-child uagb-buttons__outer-wrap uagb-block-ec9f9583 wp-block-button\"><div class=\"uagb-button__wrapper\"><a class=\"uagb-buttons-repeater wp-block-button__link\" aria-label=\"\" href=\"https:\/\/prodmar.com\/wp-content\/uploads\/2024\/12\/Prodmar-dylatacje-katalog-19.pdf\" rel=\"follow noopener\" target=\"_self\" role=\"button\"><span class=\"uagb-button__icon uagb-button__icon-position-before\"><svg xmlns=\"https:\/\/www.w3.org\/2000\/svg\" viewBox=\"0 0 384 512\" aria-hidden=\"true\" focussable=\"false\"><path d=\"M169.4 278.6C175.6 284.9 183.8 288 192 288s16.38-3.125 22.62-9.375l160-160c12.5-12.5 12.5-32.75 0-45.25s-32.75-12.5-45.25 0L192 210.8L54.63 73.38c-12.5-12.5-32.75-12.5-45.25 0s-12.5 32.75 0 45.25L169.4 278.6zM329.4 265.4L192 402.8L54.63 265.4c-12.5-12.5-32.75-12.5-45.25 0s-12.5 32.75 0 45.25l160 160C175.6 476.9 183.8 480 192 480s16.38-3.125 22.62-9.375l160-160c12.5-12.5 12.5-32.75 0-45.25S341.9 252.9 329.4 265.4z\"><\/path><\/svg><\/span><div class=\"uagb-button__link\">Zapytaj o cen\u0119<\/div><\/a><\/div><\/div>\n<\/div><\/div>\n<\/div>\n\n\n\n<div class=\"wp-block-uagb-container uagb-block-26e9303c\">\n<div class=\"wp-block-uagb-buttons uagb-buttons__outer-wrap uagb-btn__default-btn uagb-btn-tablet__default-btn uagb-btn-mobile__default-btn uagb-block-f1a97e1b\"><div class=\"uagb-buttons__wrap uagb-buttons-layout-wrap \">\n<div class=\"wp-block-uagb-buttons-child uagb-buttons__outer-wrap uagb-block-5d09ba1a wp-block-button\"><div class=\"uagb-button__wrapper\"><a class=\"uagb-buttons-repeater wp-block-button__link\" aria-label=\"\" href=\"https:\/\/prodmar.com\/kontakt\/\" rel=\"follow noopener\" target=\"_self\" role=\"button\"><span class=\"uagb-button__icon uagb-button__icon-position-before\"><svg xmlns=\"https:\/\/www.w3.org\/2000\/svg\" viewBox=\"0 0 384 512\" aria-hidden=\"true\" focussable=\"false\"><path d=\"M169.4 278.6C175.6 284.9 183.8 288 192 288s16.38-3.125 22.62-9.375l160-160c12.5-12.5 12.5-32.75 0-45.25s-32.75-12.5-45.25 0L192 210.8L54.63 73.38c-12.5-12.5-32.75-12.5-45.25 0s-12.5 32.75 0 45.25L169.4 278.6zM329.4 265.4L192 402.8L54.63 265.4c-12.5-12.5-32.75-12.5-45.25 0s-12.5 32.75 0 45.25l160 160C175.6 476.9 183.8 480 192 480s16.38-3.125 22.62-9.375l160-160c12.5-12.5 12.5-32.75 0-45.25S341.9 252.9 329.4 265.4z\"><\/path><\/svg><\/span><div class=\"uagb-button__link\">Zadaj pytannie<\/div><\/a><\/div><\/div>\n<\/div><\/div>\n<\/div>\n\n\n\n<div class=\"wp-block-uagb-container uagb-block-21aafa06\">\n<div class=\"wp-block-uagb-buttons uagb-buttons__outer-wrap uagb-btn__default-btn uagb-btn-tablet__default-btn uagb-btn-mobile__default-btn uagb-block-059ca9cd\"><div class=\"uagb-buttons__wrap uagb-buttons-layout-wrap \">\n<div class=\"wp-block-uagb-buttons-child uagb-buttons__outer-wrap uagb-block-78d6aa37 wp-block-button\"><div class=\"uagb-button__wrapper\"><a class=\"uagb-buttons-repeater wp-block-button__link\" aria-label=\"\" href=\"https:\/\/prodmar.com\/wp-content\/uploads\/2024\/12\/Prodmar-dylatacje-katalog-19.pdf\" rel=\"follow noopener\" target=\"_blank\" role=\"button\"><span class=\"uagb-button__icon uagb-button__icon-position-before\"><svg xmlns=\"https:\/\/www.w3.org\/2000\/svg\" viewBox=\"0 0 384 512\" aria-hidden=\"true\" focussable=\"false\"><path d=\"M169.4 278.6C175.6 284.9 183.8 288 192 288s16.38-3.125 22.62-9.375l160-160c12.5-12.5 12.5-32.75 0-45.25s-32.75-12.5-45.25 0L192 210.8L54.63 73.38c-12.5-12.5-32.75-12.5-45.25 0s-12.5 32.75 0 45.25L169.4 278.6zM329.4 265.4L192 402.8L54.63 265.4c-12.5-12.5-32.75-12.5-45.25 0s-12.5 32.75 0 45.25l160 160C175.6 476.9 183.8 480 192 480s16.38-3.125 22.62-9.375l160-160c12.5-12.5 12.5-32.75 0-45.25S341.9 252.9 329.4 265.4z\"><\/path><\/svg><\/span><div class=\"uagb-button__link\">Pliki do pobrania<\/div><\/a><\/div><\/div>\n<\/div><\/div>\n<\/div>\n<\/div><\/div>\n<\/div>\n\n\n\n<div class=\"wp-block-uagb-container uagb-block-c7d6da23 alignfull uagb-is-root-container\"><div class=\"uagb-container-inner-blocks-wrap\">\n<table id=\"tablepress-21\" class=\"tablepress tablepress-id-21\">\n<thead>\n<tr class=\"row-1\">\n\t<th class=\"column-1\">Model<\/th><th class=\"column-2\">Szeroko\u015b\u0107 szczeliny<\/th><th class=\"column-3\">Ca\u0142o\u015bciowa szeroko\u015b\u0107 profilu (mm)<\/th><th class=\"column-4\"> Powierzchnia widoczna (mm)<\/th><th class=\"column-5\">Wymagana wn\u0119ka minimum (mm)<\/th><th class=\"column-6\">Przesuni\u0119cia poziome [mm]<\/th>\n<\/tr>\n<\/thead>\n<tbody class=\"row-striping row-hover\">\n<tr class=\"row-2\">\n\t<td class=\"column-1\">RFP-30<\/td><td class=\"column-2\">30<\/td><td class=\"column-3\">193<\/td><td class=\"column-4\">193<\/td><td class=\"column-5\">0<\/td><td class=\"column-6\">\u00b1 20<\/td>\n<\/tr>\n<tr class=\"row-3\">\n\t<td class=\"column-1\">RFPW-30<\/td><td class=\"column-2\">30<\/td><td class=\"column-3\">110<\/td><td class=\"column-4\">110<\/td><td class=\"column-5\">0<\/td><td class=\"column-6\">\u00b1 20<\/td>\n<\/tr>\n<tr class=\"row-4\">\n\t<td class=\"column-1\">RFP-50<\/td><td class=\"column-2\">50<\/td><td class=\"column-3\">215<\/td><td class=\"column-4\">215<\/td><td class=\"column-5\">0<\/td><td class=\"column-6\">\u00b1 20<\/td>\n<\/tr>\n<tr class=\"row-5\">\n\t<td class=\"column-1\">RFPW-50<\/td><td class=\"column-2\">50<\/td><td class=\"column-3\">133<\/td><td class=\"column-4\">133<\/td><td class=\"column-5\">0<\/td><td class=\"column-6\">\u00b1 20<\/td>\n<\/tr>\n<\/tbody>\n<\/table>\n<!-- #tablepress-21 from cache -->\n<\/div><\/div>\n\n\n\n<div class=\"wp-block-uagb-container uagb-layout-flex uagb-block-b5e95f64 alignfull uagb-is-root-container\"><div class=\"uagb-container-inner-blocks-wrap\">\n<div class=\"wp-block-uagb-info-box uagb-block-f82be2e0 uagb-infobox__content-wrap  uagb-infobox-icon-above-title uagb-infobox-image-valign-top\"><div class=\"uagb-ifb-content\"><div class=\"uagb-ifb-title-wrap\"><h3 class=\"uagb-ifb-title\">Pe\u0142na oferta listew dylatacyjnych &#8211; <strong>AluJoint &nbsp;ProLine<\/strong><\/h3><\/div><\/div><\/div>\n\n\n\n<div class=\"wp-block-uagb-container uagb-block-be70605f alignfull uagb-is-root-container\"><div class=\"uagb-container-inner-blocks-wrap\">\n<div class=\"wp-block-uagb-container uagb-block-f638dedf\">\n<div class=\"wp-block-uagb-image uagb-block-fd6e965e wp-block-uagb-image--layout-default wp-block-uagb-image--effect-static wp-block-uagb-image--align-none\"><figure class=\"wp-block-uagb-image__figure\"><img decoding=\"async\" srcset=\"https:\/\/prodmar.com\/wp-content\/uploads\/2024\/12\/DYLATACJE_2018-01-757x1024.jpg ,https:\/\/prodmar.com\/wp-content\/uploads\/2024\/12\/DYLATACJE_2018-01-scaled.jpg 780w, https:\/\/prodmar.com\/wp-content\/uploads\/2024\/12\/DYLATACJE_2018-01-scaled.jpg 360w\" sizes=\"auto, (max-width: 480px) 150px\" src=\"https:\/\/prodmar.com\/wp-content\/uploads\/2024\/12\/DYLATACJE_2018-01-757x1024.jpg\" alt=\"\" class=\"uag-image-1671\" width=\"450\" height=\"600\" title=\"DYLATACJE_2018-01\" loading=\"lazy\" role=\"img\"\/><\/figure><\/div>\n<\/div>\n\n\n\n<div class=\"wp-block-uagb-container uagb-block-4963e204\">\n<div class=\"wp-block-essential-blocks-infobox  root-eb-infobox-hnhsb\"><div class=\"eb-parent-wrapper eb-parent-eb-infobox-hnhsb \"><div class=\"eb-infobox-hnhsb eb-infobox-wrapper\"><div class=\"infobox-wrapper-inner\"><div class=\"icon-img-wrapper\"><div class=\"eb-icon number-or-icon\"><span class=\"dashicon dashicons dashicons-pdf eb-infobox-icon-data-selector\"><\/span><\/div><\/div><div class=\"contents-wrapper\"><h2 class=\"title\">Katalog listew dylayacyjnych<br>AluJoint ProLine<\/h2><p class=\"description\">Tutaj mo\u017cesz pobra\u0107 katalog listew dylatacyjnych wraz ze szczeg\u00f3\u0142ami technicznymi.<\/p><div class=\"eb-button-inner-wrapper eb-infobox-btn-wrapper\"><a class=\"eb-button-anchor infobox-btn   \" href=\"https:\/\/prodmar.com\/wp-content\/uploads\/2024\/12\/Prodmar-dylatacje-katalog-19.pdf\" download rel=\"noopener\">Pobierz<\/a><\/div><\/div><\/div><\/div><\/div><\/div>\n<\/div>\n<\/div><\/div>\n<\/div><\/div>\n","protected":false},"excerpt":{"rendered":"","protected":false},"author":1,"featured_media":0,"parent":1760,"menu_order":0,"comment_status":"closed","ping_status":"closed","template":"","meta":{"_eb_attr":"","_uag_custom_page_level_css":"","site-sidebar-layout":"default","site-content-layout":"","ast-site-content-layout":"","site-content-style":"default","site-sidebar-style":"default","ast-global-header-display":"","ast-banner-title-visibility":"","ast-main-header-display":"","ast-hfb-above-header-display":"","ast-hfb-below-header-display":"","ast-hfb-mobile-header-display":"","site-post-title":"disabled","ast-breadcrumbs-content":"","ast-featured-img":"","footer-sml-layout":"","theme-transparent-header-meta":"","adv-header-id-meta":"","stick-header-meta":"","header-above-stick-meta":"","header-main-stick-meta":"","header-below-stick-meta":"","astra-migrate-meta-layouts":"default","ast-page-background-enabled":"default","ast-page-background-meta":{"desktop":{"background-color":"var(--ast-global-color-4)","background-image":"","background-repeat":"repeat","background-position":"center center","background-size":"auto","background-attachment":"scroll","background-type":"","background-media":"","overlay-type":"","overlay-color":"","overlay-opacity":"","overlay-gradient":""},"tablet":{"background-color":"","background-image":"","background-repeat":"repeat","background-position":"center center","background-size":"auto","background-attachment":"scroll","background-type":"","background-media":"","overlay-type":"","overlay-color":"","overlay-opacity":"","overlay-gradient":""},"mobile":{"background-color":"","background-image":"","background-repeat":"repeat","background-position":"center center","background-size":"auto","background-attachment":"scroll","background-type":"","background-media":"","overlay-type":"","overlay-color":"","overlay-opacity":"","overlay-gradient":""}},"ast-content-background-meta":{"desktop":{"background-color":"var(--ast-global-color-5)","background-image":"","background-repeat":"repeat","background-position":"center center","background-size":"auto","background-attachment":"scroll","background-type":"","background-media":"","overlay-type":"","overlay-color":"","overlay-opacity":"","overlay-gradient":""},"tablet":{"background-color":"var(--ast-global-color-5)","background-image":"","background-repeat":"repeat","background-position":"center center","background-size":"auto","background-attachment":"scroll","background-type":"","background-media":"","overlay-type":"","overlay-color":"","overlay-opacity":"","overlay-gradient":""},"mobile":{"background-color":"var(--ast-global-color-5)","background-image":"","background-repeat":"repeat","background-position":"center center","background-size":"auto","background-attachment":"scroll","background-type":"","background-media":"","overlay-type":"","overlay-color":"","overlay-opacity":"","overlay-gradient":""}},"footnotes":""},"class_list":["post-1862","page","type-page","status-publish","hentry"],"uagb_featured_image_src":{"full":false,"thumbnail":false,"medium":false,"medium_large":false,"large":false,"1536x1536":false,"2048x2048":false,"trp-custom-language-flag":false,"depicter-thumbnail":false},"uagb_author_info":{"display_name":"admin","author_link":"https:\/\/prodmar.com\/de\/author\/admin\/"},"uagb_comment_info":0,"uagb_excerpt":null,"_links":{"self":[{"href":"https:\/\/prodmar.com\/de\/wp-json\/wp\/v2\/pages\/1862","targetHints":{"allow":["GET"]}}],"collection":[{"href":"https:\/\/prodmar.com\/de\/wp-json\/wp\/v2\/pages"}],"about":[{"href":"https:\/\/prodmar.com\/de\/wp-json\/wp\/v2\/types\/page"}],"author":[{"embeddable":true,"href":"https:\/\/prodmar.com\/de\/wp-json\/wp\/v2\/users\/1"}],"replies":[{"embeddable":true,"href":"https:\/\/prodmar.com\/de\/wp-json\/wp\/v2\/comments?post=1862"}],"version-history":[{"count":6,"href":"https:\/\/prodmar.com\/de\/wp-json\/wp\/v2\/pages\/1862\/revisions"}],"predecessor-version":[{"id":2945,"href":"https:\/\/prodmar.com\/de\/wp-json\/wp\/v2\/pages\/1862\/revisions\/2945"}],"up":[{"embeddable":true,"href":"https:\/\/prodmar.com\/de\/wp-json\/wp\/v2\/pages\/1760"}],"wp:attachment":[{"href":"https:\/\/prodmar.com\/de\/wp-json\/wp\/v2\/media?parent=1862"}],"curies":[{"name":"wp","href":"https:\/\/api.w.org\/{rel}","templated":true}]}}