{"id":428,"date":"2024-11-27T12:14:53","date_gmt":"2024-11-27T11:14:53","guid":{"rendered":"http:\/\/prodmar.com\/?page_id=428"},"modified":"2025-06-18T15:49:42","modified_gmt":"2025-06-18T13:49:42","slug":"primetile-2","status":"publish","type":"page","link":"https:\/\/prodmar.com\/en\/maty-wejsciowe-wycieraczki-systemowe-auminiowe-prodmar\/primetile-2\/","title":{"rendered":"PrimeTile"},"content":{"rendered":"<div class=\"wp-block-uagb-container uagb-block-78bf713a alignfull uagb-is-root-container\">\n<div class=\"wp-block-uagb-container uagb-layout-grid uagb-block-78263ff5 alignfull uagb-is-root-container\"><div class=\"uagb-container-inner-blocks-wrap\">\n<div class=\"wp-block-uagb-info-box uagb-block-d5ea2e8c uagb-infobox__content-wrap  uagb-infobox-icon-above-title uagb-infobox-image-valign-top\"><div class=\"uagb-ifb-content\"><div class=\"uagb-ifb-title-wrap\"><h3 class=\"uagb-ifb-title\">PrimeTile <\/h3><\/div><div class=\"uagb-ifb-separator\"><\/div><p class=\"uagb-ifb-desc\">PrimeTile\u00ae is a system of interconnected tiles made from UV-resistant recycled PVC, a compound that ensures dimensional stability and is not subject to shrinkage or gap formation.<\/p><\/div><\/div>\n\n\n\n<div class=\"wp-block-uagb-advanced-heading uagb-block-dba6f641 uag-hide-tab uag-hide-mob\"><p class=\"uagb-heading-text\">PrimeTile is made in 100% of rubber\/vinyl tiles that scrape away dirt, mud and some moisture, before entering the building.<\/p><\/div>\n\n\n\n<div class=\"wp-block-uagb-container uagb-block-9ace9fd3\">\n<div class=\"wp-block-uagb-image uagb-block-cb8e6ef6 wp-block-uagb-image--layout-default wp-block-uagb-image--effect-static wp-block-uagb-image--align-none\"><figure class=\"wp-block-uagb-image__figure\"><img decoding=\"async\" srcset=\"https:\/\/prodmar.com\/wp-content\/uploads\/2024\/12\/PrimeTile-1024x845.jpg ,https:\/\/prodmar.com\/wp-content\/uploads\/2024\/12\/PrimeTile.jpg 780w, https:\/\/prodmar.com\/wp-content\/uploads\/2024\/12\/PrimeTile.jpg 360w\" sizes=\"auto, (max-width: 480px) 150px\" src=\"https:\/\/prodmar.com\/wp-content\/uploads\/2024\/12\/PrimeTile-1024x845.jpg\" alt=\"\" class=\"uag-image-703\" width=\"432\" height=\"421\" title=\"PrimeTile\" loading=\"lazy\" role=\"img\"\/><\/figure><\/div>\n<\/div>\n<\/div><\/div>\n<\/div>\n\n\n\n<div class=\"wp-block-uagb-container uagb-block-f6e4e757 alignfull uagb-is-root-container\">\n<div class=\"wp-block-uagb-info-box uagb-block-867997cc uagb-infobox__content-wrap  uagb-infobox-icon-above-title uagb-infobox-image-valign-top\"><div class=\"uagb-ifb-content\"><div class=\"uagb-ifb-title-wrap\"><h3 class=\"uagb-ifb-title\">Why PrimeTile<\/h3><\/div><div class=\"uagb-ifb-separator\"><\/div><\/div><\/div>\n\n\n\n<div class=\"wp-block-uagb-container uagb-block-cb26dcae alignfull uagb-is-root-container\"><div class=\"uagb-container-inner-blocks-wrap\">\n<div class=\"wp-block-uagb-container uagb-block-6c68adf5\">\n<div class=\"wp-block-uagb-counter uagb-block-f1c5105b wp-block-uagb-counter--circle\"><div class=\"wp-block-uagb-counter-circle-container\"><div class=\"wp-block-uagb-counter-circle-container__content\"><span class=\"wp-block-uagb-counter__icon\"><svg xmlns=\"https:\/\/www.w3.org\/2000\/svg\" viewbox=\"0 0 512 512\"><path d=\"M0 464V48C0 21.49 21.49 0 48 0H144C170.5 0 192 21.49 192 48V96H112C103.2 96 96 103.2 96 112C96 120.8 103.2 128 112 128H192V192H112C103.2 192 96 199.2 96 208C96 216.8 103.2 224 112 224H192V288H112C103.2 288 96 295.2 96 304C96 312.8 103.2 320 112 320H192V400C192 408.8 199.2 416 208 416C216.8 416 224 408.8 224 400V320H288V400C288 408.8 295.2 416 304 416C312.8 416 320 408.8 320 400V320H384V400C384 408.8 391.2 416 400 416C408.8 416 416 408.8 416 400V320H464C490.5 320 512 341.5 512 368V464C512 490.5 490.5 512 464 512H48C23.15 512 2.706 493.1 .2477 468.9C.0838 467.3 0 465.7 0 464z\"><\/path><\/svg><\/span><div class=\"wp-block-uagb-counter__number\"><span class=\"uagb-counter-block-number\" data-duration=\"1.5\" data-to-value=\"11\" data-from-value=\"0\" data-delimiter=\",\"><\/span><span class=\"uagb-counter-block-suffix\">mm<\/span><\/div><div class=\"wp-block-uagb-counter__title\">Height<\/div><\/div><svg preserveaspectratio=\"xMinYMin meet\" viewbox=\"0 0 210 210\" version=\"1.1\" xmlns=\"http:\/\/www.w3.org\/2000\/svg\"><circle class=\"uagb-counter-circle__background\"><\/circle><circle class=\"uagb-counter-circle__progress\"><\/circle><\/svg><\/div><\/div>\n\n\n\n<div class=\"wp-block-uagb-info-box uagb-block-5cf24feb uagb-infobox__content-wrap  uagb-infobox-icon-above-title uagb-infobox-image-valign-top\"><div class=\"uagb-ifb-content\"><div class=\"uagb-ifb-title-wrap\"><\/div><p class=\"uagb-ifb-desc\">11 mm deep, matching most existing floor finishes.<br>Interlocking tiles measuring 305mm x 229mm<br><br><\/p><\/div><\/div>\n<\/div>\n\n\n\n<div class=\"wp-block-uagb-container uagb-block-81f57ce5\">\n<div class=\"wp-block-uagb-counter uagb-block-0193245e wp-block-uagb-counter--circle\"><div class=\"wp-block-uagb-counter-circle-container\"><div class=\"wp-block-uagb-counter-circle-container__content\"><span class=\"wp-block-uagb-counter__icon\"><svg xmlns=\"https:\/\/www.w3.org\/2000\/svg\" viewbox=\"0 0 512 512\"><path d=\"M510.3 445.9L437.3 153.8C433.5 138.5 420.8 128 406.4 128H346.1c3.625-9.1 5.875-20.75 5.875-32c0-53-42.1-96-96-96S159.1 43 159.1 96c0 11.25 2.25 22 5.875 32H105.6c-14.38 0-27.13 10.5-30.88 25.75l-73.01 292.1C-6.641 479.1 16.36 512 47.99 512h416C495.6 512 518.6 479.1 510.3 445.9zM256 128C238.4 128 223.1 113.6 223.1 96S238.4 64 256 64c17.63 0 32 14.38 32 32S273.6 128 256 128z\"><\/path><\/svg><\/span><div class=\"wp-block-uagb-counter__number\"><span class=\"uagb-counter-block-number\" data-duration=\"1.5\" data-to-value=\"250\" data-from-value=\"0\" data-delimiter=\",\"><\/span><span class=\"uagb-counter-block-suffix\">kg<\/span><\/div><div class=\"wp-block-uagb-counter__title\">Load<\/div><\/div><svg preserveaspectratio=\"xMinYMin meet\" viewbox=\"0 0 210 210\" version=\"1.1\" xmlns=\"http:\/\/www.w3.org\/2000\/svg\"><circle class=\"uagb-counter-circle__background\"><\/circle><circle class=\"uagb-counter-circle__progress\"><\/circle><\/svg><\/div><\/div>\n\n\n\n<div class=\"wp-block-uagb-info-box uagb-block-c88eada4 uagb-infobox__content-wrap  uagb-infobox-icon-above-title uagb-infobox-image-valign-top\"><div class=\"uagb-ifb-content\"><div class=\"uagb-ifb-title-wrap\"><\/div><div class=\"uagb-ifb-desc\">\n<p>Rolling load <\/p>\n\n\n\n<p>500 kg \/ Turned wheel <\/p>\n\n\n\n<p><\/p>\n\n\n\n<p><br><\/p>\n<\/div><\/div><\/div>\n<\/div>\n\n\n\n<div class=\"wp-block-uagb-container uagb-block-238995ee\">\n<div class=\"wp-block-uagb-counter uagb-block-e1e45070 wp-block-uagb-counter--circle\"><div class=\"wp-block-uagb-counter-circle-container\"><div class=\"wp-block-uagb-counter-circle-container__content\"><span class=\"wp-block-uagb-counter__icon\"><svg xmlns=\"https:\/\/www.w3.org\/2000\/svg\" viewbox=\"0 0 448 512\"><path d=\"M448 80V128C448 172.2 347.7 208 224 208C100.3 208 0 172.2 0 128V80C0 35.82 100.3 0 224 0C347.7 0 448 35.82 448 80zM393.2 214.7C413.1 207.3 433.1 197.8 448 186.1V288C448 332.2 347.7 368 224 368C100.3 368 0 332.2 0 288V186.1C14.93 197.8 34.02 207.3 54.85 214.7C99.66 230.7 159.5 240 224 240C288.5 240 348.3 230.7 393.2 214.7V214.7zM54.85 374.7C99.66 390.7 159.5 400 224 400C288.5 400 348.3 390.7 393.2 374.7C413.1 367.3 433.1 357.8 448 346.1V432C448 476.2 347.7 512 224 512C100.3 512 0 476.2 0 432V346.1C14.93 357.8 34.02 367.3 54.85 374.7z\"><\/path><\/svg><\/span><div class=\"wp-block-uagb-counter__number\"><span class=\"uagb-counter-block-number\" data-duration=\"1.5\" data-to-value=\"2\" data-from-value=\"0\" data-delimiter=\",\"><\/span><\/div><div class=\"wp-block-uagb-counter__title\">Inserts<\/div><\/div><svg preserveaspectratio=\"xMinYMin meet\" viewbox=\"0 0 210 210\" version=\"1.1\" xmlns=\"http:\/\/www.w3.org\/2000\/svg\"><circle class=\"uagb-counter-circle__background\"><\/circle><circle class=\"uagb-counter-circle__progress\"><\/circle><\/svg><\/div><\/div>\n\n\n\n<div class=\"wp-block-uagb-info-box uagb-block-99304963 uagb-infobox__content-wrap  uagb-infobox-icon-above-title uagb-infobox-image-valign-top\"><div class=\"uagb-ifb-content\"><div class=\"uagb-ifb-title-wrap\"><\/div><div class=\"uagb-ifb-desc\">\n<p>PVC\/NBR material does not shrink or form gaps available in two colours, grey and black<\/p>\n<\/div><\/div><\/div>\n<\/div>\n<\/div><\/div>\n<\/div>\n\n\n\n<div class=\"wp-block-uagb-container uagb-block-b4bc900b alignfull uagb-is-root-container\"><div class=\"uagb-container-inner-blocks-wrap\">\n<div class=\"wp-block-essential-blocks-advanced-tabs alignwide  root-eb-advanced-tabs-krk4e\"><div class=\"eb-parent-wrapper eb-parent-eb-advanced-tabs-krk4e\"><div class=\"eb-advanced-tabs-krk4e eb-advanced-tabs-wrapper horizontal\" data-min-height=\"true\"><div class=\"eb-tabs-nav\"><ul class=\"tabTitles\" data-tabs-ul-id=\"eb-advanced-tabs-krk4e\"><li data-title-tab-id=\"2\" data-title-custom-id=\"1\" id=\"1\" class=\"inactive\"><i icon=\"fas fa-home\" class=\"fas fa-home tabIcon\"><\/i><h6 class=\"tab-title-text\">Insole colours<\/h6><\/li><li data-title-tab-id=\"3\" data-title-custom-id=\"\" class=\"inactive\"><i icon=\"fas fa-home\" class=\"fas fa-home tabIcon\"><\/i><h6 class=\"tab-title-text\">Frame finishes<\/h6><\/li><li data-title-tab-id=\"1\" data-title-custom-id=\"\" class=\"active\"><i icon=\"fas fa-home\" class=\"fas fa-home tabIcon\"><\/i><h6 class=\"tab-title-text\">Profile types<\/h6><\/li><\/ul><\/div><div class=\"eb-tabs-contents\">\n<div class=\"eb-tab-wrapper\" data-tab-id=\"1\" data-tab-parent-id=\"eb-advanced-tabs-krk4e\"><div class=\"eb-tab-inner\">\n<div class=\"wp-block-uagb-container uagb-block-4315a643 alignfull uagb-is-root-container\"><div class=\"uagb-container-inner-blocks-wrap\">\n<div class=\"wp-block-uagb-container uagb-block-1a1948bf\">\n<div class=\"wp-block-uagb-image aligncenter uagb-block-72229861 wp-block-uagb-image--layout-default wp-block-uagb-image--effect-static wp-block-uagb-image--align-center\"><figure class=\"wp-block-uagb-image__figure\"><img decoding=\"async\" srcset=\"https:\/\/prodmar.com\/wp-content\/uploads\/2024\/12\/PrimeTile-rys1.jpg ,https:\/\/prodmar.com\/wp-content\/uploads\/2024\/12\/PrimeTile-rys1.jpg 780w, https:\/\/prodmar.com\/wp-content\/uploads\/2024\/12\/PrimeTile-rys1.jpg 360w\" sizes=\"auto, (max-width: 480px) 150px\" src=\"https:\/\/prodmar.com\/wp-content\/uploads\/2024\/12\/PrimeTile-rys1.jpg\" alt=\"\" class=\"uag-image-708\" width=\"200\" height=\"100\" title=\"PrimeTile fig1\" loading=\"lazy\" role=\"img\"\/><\/figure><\/div>\n<\/div>\n<\/div><\/div>\n<\/div><\/div>\n\n\n\n<div class=\"eb-tab-wrapper\" data-tab-id=\"2\" data-tab-parent-id=\"eb-advanced-tabs-krk4e\"><div class=\"eb-tab-inner\">\n<div class=\"wp-block-uagb-advanced-heading uagb-block-97c2d24f\"><h4 class=\"uagb-heading-text\">Vinyl inlay colours<\/h4><\/div>\n\n\n\n<div class=\"wp-block-uagb-container uagb-block-6c5ec48b alignfull uagb-is-root-container\"><div class=\"uagb-container-inner-blocks-wrap\">\n<div class=\"wp-block-uagb-container uagb-block-c62f044f\">\n<div class=\"wp-block-uagb-image aligncenter uagb-block-525693b5 wp-block-uagb-image--layout-default wp-block-uagb-image--effect-static wp-block-uagb-image--align-center\"><figure class=\"wp-block-uagb-image__figure\"><img decoding=\"async\" srcset=\"https:\/\/prodmar.com\/wp-content\/uploads\/2024\/11\/czarna-anoda.png ,https:\/\/prodmar.com\/wp-content\/uploads\/2024\/11\/czarna-anoda.png 780w, https:\/\/prodmar.com\/wp-content\/uploads\/2024\/11\/czarna-anoda.png 360w\" sizes=\"auto, (max-width: 480px) 150px\" src=\"https:\/\/prodmar.com\/wp-content\/uploads\/2024\/11\/czarna-anoda.png\" alt=\"\" class=\"uag-image-317\" width=\"150\" height=\"115\" title=\"black anode\" loading=\"lazy\" role=\"img\"\/><figcaption class=\"uagb-image-caption\">Black<\/figcaption><\/figure><\/div>\n<\/div>\n\n\n\n<div class=\"wp-block-uagb-container uagb-block-30696934\">\n<div class=\"wp-block-uagb-image aligncenter uagb-block-56e8da8b wp-block-uagb-image--layout-default wp-block-uagb-image--effect-static wp-block-uagb-image--align-center\"><figure class=\"wp-block-uagb-image__figure\"><img decoding=\"async\" srcset=\"https:\/\/prodmar.com\/wp-content\/uploads\/2024\/11\/aluminium.png ,https:\/\/prodmar.com\/wp-content\/uploads\/2024\/11\/aluminium.png 780w, https:\/\/prodmar.com\/wp-content\/uploads\/2024\/11\/aluminium.png 360w\" sizes=\"auto, (max-width: 480px) 150px\" src=\"https:\/\/prodmar.com\/wp-content\/uploads\/2024\/11\/aluminium.png\" alt=\"\" class=\"uag-image-316\" width=\"150\" height=\"114\" title=\"aluminium\" loading=\"lazy\" role=\"img\"\/><figcaption class=\"uagb-image-caption\">Grey<\/figcaption><\/figure><\/div>\n<\/div>\n<\/div><\/div>\n<\/div><\/div>\n\n\n\n<div class=\"eb-tab-wrapper\" data-tab-id=\"3\" data-tab-parent-id=\"eb-advanced-tabs-krk4e\"><div class=\"eb-tab-inner\">\n<div class=\"wp-block-uagb-container uagb-block-14e921f6 alignfull uagb-is-root-container\"><div class=\"uagb-container-inner-blocks-wrap\">\n<div class=\"wp-block-uagb-container uagb-block-aff75e26\">\n<div class=\"wp-block-uagb-image aligncenter uagb-block-b96a939f wp-block-uagb-image--layout-default wp-block-uagb-image--effect-static wp-block-uagb-image--align-center\"><figure class=\"wp-block-uagb-image__figure\"><img decoding=\"async\" srcset=\"https:\/\/prodmar.com\/wp-content\/uploads\/2024\/11\/aluminium-1.png ,https:\/\/prodmar.com\/wp-content\/uploads\/2024\/11\/aluminium-1.png 780w, https:\/\/prodmar.com\/wp-content\/uploads\/2024\/11\/aluminium-1.png 360w\" sizes=\"auto, (max-width: 480px) 150px\" src=\"https:\/\/prodmar.com\/wp-content\/uploads\/2024\/11\/aluminium-1.png\" alt=\"\" class=\"uag-image-320\" width=\"250\" height=\"100\" title=\"aluminium\" loading=\"lazy\" role=\"img\"\/><figcaption class=\"uagb-image-caption\">Factory finish<\/figcaption><\/figure><\/div>\n<\/div>\n\n\n\n<div class=\"wp-block-uagb-container uagb-block-46e4c529\">\n<div class=\"wp-block-uagb-image aligncenter uagb-block-95a2217f wp-block-uagb-image--layout-default wp-block-uagb-image--effect-static wp-block-uagb-image--align-center\"><figure class=\"wp-block-uagb-image__figure\"><img decoding=\"async\" srcset=\"https:\/\/prodmar.com\/wp-content\/uploads\/2024\/11\/czarna-anoda.png ,https:\/\/prodmar.com\/wp-content\/uploads\/2024\/11\/czarna-anoda-1-1-1-1-1-1-1.png 780w, https:\/\/prodmar.com\/wp-content\/uploads\/2024\/11\/czarna-anoda-1-1-1-1-1-1-1.png 360w\" sizes=\"auto, (max-width: 480px) 150px\" src=\"https:\/\/prodmar.com\/wp-content\/uploads\/2024\/11\/czarna-anoda.png\" alt=\"Black Anode\" class=\"uag-image-317\" width=\"228\" height=\"115\" title=\"black anode\" loading=\"lazy\" role=\"img\"\/><figcaption class=\"uagb-image-caption\">Black anode<\/figcaption><\/figure><\/div>\n<\/div>\n\n\n\n<div class=\"wp-block-uagb-container uagb-block-8813ca2c\">\n<div class=\"wp-block-uagb-image aligncenter uagb-block-c20a8388 wp-block-uagb-image--layout-default wp-block-uagb-image--effect-static wp-block-uagb-image--align-center\"><figure class=\"wp-block-uagb-image__figure\"><img decoding=\"async\" srcset=\"https:\/\/prodmar.com\/wp-content\/uploads\/2024\/11\/zlota-anoda.png ,https:\/\/prodmar.com\/wp-content\/uploads\/2024\/11\/zlota-anoda.png 780w, https:\/\/prodmar.com\/wp-content\/uploads\/2024\/11\/zlota-anoda.png 360w\" sizes=\"auto, (max-width: 480px) 150px\" src=\"https:\/\/prodmar.com\/wp-content\/uploads\/2024\/11\/zlota-anoda.png\" alt=\"\" class=\"uag-image-321\" width=\"250\" height=\"100\" title=\"gold anode\" loading=\"lazy\" role=\"img\"\/><figcaption class=\"uagb-image-caption\">Gold anode<\/figcaption><\/figure><\/div>\n<\/div>\n\n\n\n<div class=\"wp-block-uagb-container uagb-block-cf279608\">\n<div class=\"wp-block-uagb-image aligncenter uagb-block-f1b093fe wp-block-uagb-image--layout-default wp-block-uagb-image--effect-static wp-block-uagb-image--align-center\"><figure class=\"wp-block-uagb-image__figure\"><img decoding=\"async\" srcset=\"https:\/\/prodmar.com\/wp-content\/uploads\/2024\/11\/biala-anoda.png ,https:\/\/prodmar.com\/wp-content\/uploads\/2024\/11\/biala-anoda.png 780w, https:\/\/prodmar.com\/wp-content\/uploads\/2024\/11\/biala-anoda.png 360w\" sizes=\"auto, (max-width: 480px) 150px\" src=\"https:\/\/prodmar.com\/wp-content\/uploads\/2024\/11\/biala-anoda.png\" alt=\"\" class=\"uag-image-322\" width=\"250\" height=\"100\" title=\"white anode\" loading=\"lazy\" role=\"img\"\/><figcaption class=\"uagb-image-caption\">White anode<\/figcaption><\/figure><\/div>\n<\/div>\n<\/div><\/div>\n<\/div><\/div>\n<\/div><\/div><\/div><\/div>\n<\/div><\/div>\n\n\n\n<div class=\"wp-block-uagb-container uagb-layout-flex uagb-block-b5e95f64 alignfull uagb-is-root-container\"><div class=\"uagb-container-inner-blocks-wrap\">\n<div class=\"wp-block-uagb-info-box uagb-block-f82be2e0 uagb-infobox__content-wrap  uagb-infobox-icon-above-title uagb-infobox-image-valign-top\"><div class=\"uagb-ifb-content\"><div class=\"uagb-ifb-title-wrap\"><h3 class=\"uagb-ifb-title\">The full range of PrimeMat Alu system mats.<\/h3><\/div><\/div><\/div>\n\n\n\n<div class=\"wp-block-uagb-container uagb-block-be70605f alignfull uagb-is-root-container\"><div class=\"uagb-container-inner-blocks-wrap\">\n<div class=\"wp-block-uagb-container uagb-block-f638dedf\">\n<div class=\"wp-block-uagb-image uagb-block-fd6e965e wp-block-uagb-image--layout-default wp-block-uagb-image--effect-static wp-block-uagb-image--align-none\"><figure class=\"wp-block-uagb-image__figure\"><img decoding=\"async\" srcset=\"https:\/\/prodmar.com\/wp-content\/uploads\/2025\/02\/okladka-maty-wejsciowe.jpeg ,https:\/\/prodmar.com\/wp-content\/uploads\/2025\/02\/okladka-maty-wejsciowe.jpeg 780w, https:\/\/prodmar.com\/wp-content\/uploads\/2025\/02\/okladka-maty-wejsciowe.jpeg 360w\" sizes=\"auto, (max-width: 480px) 150px\" src=\"https:\/\/prodmar.com\/wp-content\/uploads\/2025\/02\/okladka-maty-wejsciowe.jpeg\" alt=\"\" class=\"uag-image-2786\" width=\"459\" height=\"648\" title=\"entrance matting cover\" loading=\"lazy\" role=\"img\"\/><\/figure><\/div>\n<\/div>\n\n\n\n<div class=\"wp-block-uagb-container uagb-block-4963e204\">\n<div class=\"wp-block-essential-blocks-infobox  root-eb-infobox-hnhsb\"><div class=\"eb-parent-wrapper eb-parent-eb-infobox-hnhsb\"><div class=\"eb-infobox-hnhsb eb-infobox-wrapper\"><div class=\"infobox-wrapper-inner\"><div class=\"icon-img-wrapper\"><div class=\"eb-icon number-or-icon\"><span class=\"dashicon dashicons dashicons-pdf eb-infobox-icon-data-selector\"><\/span><\/div><\/div><div class=\"contents-wrapper\"><h2 class=\"title\">PrimeMat Alu catalogue<\/h2><p class=\"description\">You can download a catalogue of entrance mats with technical details here.<\/p><div class=\"eb-button-inner-wrapper eb-infobox-btn-wrapper\"><a class=\"eb-button-anchor infobox-btn\" href=\"https:\/\/prodmar.com\/wp-content\/uploads\/2024\/12\/Katalog-wycieraczek.pdf\" download rel=\"noopener\">Download<\/a><\/div><\/div><\/div><\/div><\/div><\/div>\n<\/div>\n<\/div><\/div>\n<\/div><\/div>\n\n\n\n<div class=\"wp-block-uagb-container uagb-block-e39cd28e alignfull uagb-is-root-container\"><\/div>","protected":false},"excerpt":{"rendered":"<p>PrimeTile is made in 100% of rubber\/vinyl tiles that scrape away dirt, mud and some moisture, before entering the building.<\/p>","protected":false},"author":1,"featured_media":0,"parent":188,"menu_order":0,"comment_status":"closed","ping_status":"closed","template":"","meta":{"_eb_attr":"","_uag_custom_page_level_css":"","site-sidebar-layout":"default","site-content-layout":"","ast-site-content-layout":"","site-content-style":"default","site-sidebar-style":"default","ast-global-header-display":"","ast-banner-title-visibility":"","ast-main-header-display":"","ast-hfb-above-header-display":"","ast-hfb-below-header-display":"","ast-hfb-mobile-header-display":"","site-post-title":"disabled","ast-breadcrumbs-content":"","ast-featured-img":"","footer-sml-layout":"","theme-transparent-header-meta":"","adv-header-id-meta":"","stick-header-meta":"","header-above-stick-meta":"","header-main-stick-meta":"","header-below-stick-meta":"","astra-migrate-meta-layouts":"default","ast-page-background-enabled":"default","ast-page-background-meta":{"desktop":{"background-color":"var(--ast-global-color-4)","background-image":"","background-repeat":"repeat","background-position":"center center","background-size":"auto","background-attachment":"scroll","background-type":"","background-media":"","overlay-type":"","overlay-color":"","overlay-opacity":"","overlay-gradient":""},"tablet":{"background-color":"","background-image":"","background-repeat":"repeat","background-position":"center center","background-size":"auto","background-attachment":"scroll","background-type":"","background-media":"","overlay-type":"","overlay-color":"","overlay-opacity":"","overlay-gradient":""},"mobile":{"background-color":"","background-image":"","background-repeat":"repeat","background-position":"center center","background-size":"auto","background-attachment":"scroll","background-type":"","background-media":"","overlay-type":"","overlay-color":"","overlay-opacity":"","overlay-gradient":""}},"ast-content-background-meta":{"desktop":{"background-color":"var(--ast-global-color-5)","background-image":"","background-repeat":"repeat","background-position":"center center","background-size":"auto","background-attachment":"scroll","background-type":"","background-media":"","overlay-type":"","overlay-color":"","overlay-opacity":"","overlay-gradient":""},"tablet":{"background-color":"var(--ast-global-color-5)","background-image":"","background-repeat":"repeat","background-position":"center center","background-size":"auto","background-attachment":"scroll","background-type":"","background-media":"","overlay-type":"","overlay-color":"","overlay-opacity":"","overlay-gradient":""},"mobile":{"background-color":"var(--ast-global-color-5)","background-image":"","background-repeat":"repeat","background-position":"center center","background-size":"auto","background-attachment":"scroll","background-type":"","background-media":"","overlay-type":"","overlay-color":"","overlay-opacity":"","overlay-gradient":""}},"footnotes":""},"class_list":["post-428","page","type-page","status-publish","hentry"],"uagb_featured_image_src":{"full":false,"thumbnail":false,"medium":false,"medium_large":false,"large":false,"1536x1536":false,"2048x2048":false,"trp-custom-language-flag":false,"depicter-thumbnail":false},"uagb_author_info":{"display_name":"admin","author_link":"https:\/\/prodmar.com\/en\/author\/admin\/"},"uagb_comment_info":0,"uagb_excerpt":"PrimeTile jest wykonany w 100% z p\u0142ytek gumowo\/winylowych, kt\u00f3re zgarniaj\u0105 zanieczyszczenia, b\u0142oto oraz cz\u0119\u015bciowo wilgo\u0107, przed wej\u015bciem do budynku.","_links":{"self":[{"href":"https:\/\/prodmar.com\/en\/wp-json\/wp\/v2\/pages\/428","targetHints":{"allow":["GET"]}}],"collection":[{"href":"https:\/\/prodmar.com\/en\/wp-json\/wp\/v2\/pages"}],"about":[{"href":"https:\/\/prodmar.com\/en\/wp-json\/wp\/v2\/types\/page"}],"author":[{"embeddable":true,"href":"https:\/\/prodmar.com\/en\/wp-json\/wp\/v2\/users\/1"}],"replies":[{"embeddable":true,"href":"https:\/\/prodmar.com\/en\/wp-json\/wp\/v2\/comments?post=428"}],"version-history":[{"count":9,"href":"https:\/\/prodmar.com\/en\/wp-json\/wp\/v2\/pages\/428\/revisions"}],"predecessor-version":[{"id":3246,"href":"https:\/\/prodmar.com\/en\/wp-json\/wp\/v2\/pages\/428\/revisions\/3246"}],"up":[{"embeddable":true,"href":"https:\/\/prodmar.com\/en\/wp-json\/wp\/v2\/pages\/188"}],"wp:attachment":[{"href":"https:\/\/prodmar.com\/en\/wp-json\/wp\/v2\/media?parent=428"}],"curies":[{"name":"wp","href":"https:\/\/api.w.org\/{rel}","templated":true}]}}