{"id":10,"date":"2024-11-20T10:26:54","date_gmt":"2024-11-20T09:26:54","guid":{"rendered":"http:\/\/prodmar.com\/?page_id=10"},"modified":"2024-12-17T11:12:22","modified_gmt":"2024-12-17T10:12:22","slug":"privatumo-politika","status":"publish","type":"page","link":"https:\/\/prodmar.com\/lt\/polityka-prywatnosci\/","title":{"rendered":"Privatumo politika"},"content":{"rendered":"<h2 class=\"wp-block-heading\">\u0160ioje privatumo politikoje apra\u0161oma, kaip tvarkome informacij\u0105 apie jus, \u012fskaitant asmeninius duomenis ir slapukus arba \"slapukus\".<\/h2>\n\n\n\n<hr class=\"wp-block-separator has-alpha-channel-opacity\"\/>\n\n\n\n<h2 class=\"wp-block-heading\"><strong>1. Bendra informacija<\/strong><\/h2>\n\n\n\n<ol class=\"wp-block-list\">\n<li>\u0160i politika taikoma Svetainei, veikian\u010diai pagal url:&nbsp;<strong>prodmar.com<\/strong><\/li>\n\n\n\n<li>Paslaug\u0173 operatorius ir asmens duomen\u0173 valdytojas yra: Prodmar Sp. z o.o. S\u0142oneczny Sad 33<\/li>\n\n\n\n<li>Operatoriaus el. pa\u0161to adresas: info@csprodmar.pl<\/li>\n\n\n\n<li>Operatorius yra j\u016bs\u0173 asmens duomen\u0173, kuriuos savanori\u0161kai pateikiate Svetain\u0117je, valdytojas.<\/li>\n\n\n\n<li>Paslauga naudoja asmens duomenis \u0161iais tikslais:\n<ul class=\"wp-block-list\">\n<li>Naujienlai\u0161kio rengimas<\/li>\n\n\n\n<li>U\u017eklaus\u0173 per form\u0105 tvarkymas<\/li>\n\n\n\n<li>Pasi\u016blymo ar informacijos pateikimas<\/li>\n<\/ul>\n<\/li>\n\n\n\n<li>Paslauga atlieka funkcijas, skirtas informacijai apie naudotojus ir j\u0173 elgsen\u0105 gauti \u0161iais b\u016bdais:\n<ol class=\"wp-block-list\">\n<li>per savanori\u0161kai \u012f formas \u012fra\u0161ytus duomenis, kurie \u012fvedami \u012f Operatoriaus sistemas.<\/li>\n\n\n\n<li>Galutiniuose \u012frenginiuose i\u0161saugodami slapukus (vadinamuosius \u201eslapukus\u201d).<\/li>\n<\/ol>\n<\/li>\n<\/ol>\n\n\n\n<h2 class=\"wp-block-heading\"><strong>2. Operatoriaus taikomi pasirinkti duomen\u0173 apsaugos metodai<\/strong><\/h2>\n\n\n\n<ol class=\"wp-block-list\">\n<li>Prisijungimo ir asmenini\u0173 duomen\u0173 \u012fvedimo svetain\u0117s yra apsaugotos perdavimo sluoksniu (SSL sertifikatas). Taip u\u017etikrinama, kad svetain\u0117je \u012fvesti asmeniniai ir prisijungimo duomenys naudotojo kompiuteryje b\u016bt\u0173 u\u017e\u0161ifruoti ir juos b\u016bt\u0173 galima perskaityti tik tiksliniame serveryje.<\/li>\n\n\n\n<li>Operatorius periodi\u0161kai kei\u010dia administravimo slapta\u017eod\u017eius.<\/li>\n\n\n\n<li>Siekdamas apsaugoti duomenis, Operatorius reguliariai daro atsargines kopijas.<\/li>\n\n\n\n<li>Svarbus duomen\u0173 apsaugos elementas yra reguliarus visos Operatoriaus naudojamos programin\u0117s \u012frangos, skirtos asmens duomenims tvarkyti, atnaujinimas, o tai vis\u0173 pirma rei\u0161kia reguliar\u0173 programin\u0117s \u012frangos komponent\u0173 atnaujinim\u0105.<\/li>\n<\/ol>\n\n\n\n<h2 class=\"wp-block-heading\"><strong>3. Pri\u0117mimas<\/strong><\/h2>\n\n\n\n<ol class=\"wp-block-list\">\n<li>Svetain\u0117 talpinama (techni\u0161kai pri\u017ei\u016brima) operatoriaus serveriuose: home.pl<\/li>\n\n\n\n<li>Prieglobos bendrov\u0117 saugo serverio lygio \u017eurnalus, kad u\u017etikrint\u0173 technin\u012f patikimum\u0105. \u017durnaluose gali b\u016bti:\n<ul class=\"wp-block-list\">\n<li>URL identifikatoriumi nurodyti i\u0161tekliai (pra\u0161om\u0173 i\u0161tekli\u0173 - puslapi\u0173, fail\u0173 - adresai),<\/li>\n\n\n\n<li>tyrimo laik\u0105,<\/li>\n\n\n\n<li>atsakymo siuntimo metu,<\/li>\n\n\n\n<li>kliento stoties pavadinimas - identifikavimas per HTTP protokol\u0105,<\/li>\n\n\n\n<li>informacij\u0105 apie HTTP operacij\u0173 vykdymo metu \u012fvykusias klaidas,<\/li>\n\n\n\n<li>anks\u010diau naudotojo aplankyto puslapio URL (nuoroda), jei \u012f Svetain\u0119 pateikiama nuoroda,<\/li>\n\n\n\n<li>informacij\u0105 apie naudotojo nar\u0161ykl\u0119,<\/li>\n\n\n\n<li>IP adreso informacija,<\/li>\n\n\n\n<li>diagnostin\u0119 informacij\u0105, susijusi\u0105 su savaranki\u0161ko paslaug\u0173 u\u017esakymo per registratorius svetain\u0117je procesu,<\/li>\n\n\n\n<li>informacij\u0105, susijusi\u0105 su Operatoriui adresuot\u0173 ir jo siun\u010diam\u0173 elektronini\u0173 lai\u0161k\u0173 tvarkymu.<\/li>\n<\/ul>\n<\/li>\n<\/ol>\n\n\n\n<h2 class=\"wp-block-heading\"><strong>4. J\u016bs\u0173 teis\u0117s ir papildoma informacija apie tai, kaip bus naudojami j\u016bs\u0173 duomenys<\/strong><\/h2>\n\n\n\n<ol class=\"wp-block-list\">\n<li>Tam tikrais atvejais Administratorius turi teis\u0119 perduoti j\u016bs\u0173 asmens duomenis kitiems gav\u0117jams, jei tai b\u016btina su jumis sudarytai sutar\u010diai vykdyti arba Administratoriaus \u012fsipareigojimams vykdyti. Tai taikoma tokioms gav\u0117j\u0173 grup\u0117ms:\n<ul class=\"wp-block-list\">\n<li>prieglobos \u012fmon\u0117 pagal \u012fgaliojim\u0105.<\/li>\n\n\n\n<li>\u012fgalioti darbuotojai ir partneriai, kurie naudoja duomenis, kad \u012fvykdyt\u0173 svetain\u0117s tiksl\u0105.<\/li>\n\n\n\n<li>\u012fmon\u0117s, teikian\u010dios rinkodaros paslaugas administratoriui.<\/li>\n<\/ul>\n<\/li>\n\n\n\n<li>J\u016bs\u0173 asmens duomenis Administratorius tvarko ne ilgiau, nei tai yra b\u016btina su tuo susijusiai veiklai, apibr\u0117\u017etai atskiruose teis\u0117s aktuose (pvz., buhalterinei apskaitai), vykdyti. Rinkodaros duomen\u0173 at\u017evilgiu duomenys bus tvarkomi ne ilgiau kaip 3 metus.<\/li>\n\n\n\n<li>Turite teis\u0119 pra\u0161yti administratoriaus:\n<ul class=\"wp-block-list\">\n<li>susipa\u017einti su j\u016bs\u0173 asmens duomenimis,<\/li>\n\n\n\n<li>j\u0173 i\u0161taisym\u0105,<\/li>\n\n\n\n<li>i\u0161braukimai,<\/li>\n\n\n\n<li>tvarkymo apribojimas,<\/li>\n\n\n\n<li>ir duomen\u0173 perkeliamumas.<\/li>\n<\/ul>\n<\/li>\n\n\n\n<li>Turite teis\u0119 nesutikti su 3.2 punkte nurodytu asmens duomen\u0173 tvarkymu d\u0117l duomen\u0173 valdytojo teis\u0117t\u0173 interes\u0173, \u012fskaitant profiliavim\u0105, ta\u010diau teise nesutikti negalima pasinaudoti, jei yra pagr\u012fst\u0173 teis\u0117t\u0173 prie\u017eas\u010di\u0173 tvarkyti duomenis, kurios yra vir\u0161esn\u0117s u\u017e j\u016bs\u0173 interesus, teises ir laisves, vis\u0173 pirma d\u0117l reikalavim\u0173 parei\u0161kimo, tvirtinimo ar gynimo.<\/li>\n\n\n\n<li>Administratoriaus veiksmus galima apsk\u0173sti Asmens duomen\u0173 apsaugos biuro pirmininkui, adresu Stawki 2, 00-193 Var\u0161uva.<\/li>\n\n\n\n<li>Asmens duomenys teikiami savanori\u0161kai, ta\u010diau yra b\u016btini Paslaugai teikti.<\/li>\n\n\n\n<li>Automatinis sprendim\u0173 pri\u0117mimas, \u012fskaitant profiliavim\u0105, gali b\u016bti atliekamas j\u016bs\u0173 at\u017evilgiu siekiant teikti paslaugas pagal sudaryt\u0105 sutart\u012f ir Administratoriaus tiesiogin\u0117s rinkodaros tikslais.<\/li>\n\n\n\n<li>Asmens duomenys n\u0117ra perduodami i\u0161 tre\u010di\u0173j\u0173 \u0161ali\u0173, kaip apibr\u0117\u017eta duomen\u0173 apsaugos teis\u0117s aktuose. Tai rei\u0161kia, kad j\u0173 nesiun\u010diame u\u017e Europos S\u0105jungos rib\u0173.<\/li>\n<\/ol>\n\n\n\n<h2 class=\"wp-block-heading\"><strong>5. informacija apie formas<\/strong><\/h2>\n\n\n\n<ol class=\"wp-block-list\">\n<li>Paslauga renka naudotojo savanori\u0161kai pateikt\u0105 informacij\u0105, \u012fskaitant asmens duomenis, jei jie pateikti.<\/li>\n\n\n\n<li>Paslauga gali i\u0161saugoti informacij\u0105 apie ry\u0161io parametrus (laiko \u017eym\u0105, IP adres\u0105).<\/li>\n\n\n\n<li>Kai kuriais atvejais svetain\u0117je gali b\u016bti saugoma informacija, padedanti susieti formoje pateiktus duomenis su form\u0105 u\u017epild\u017eiusio naudotojo el. pa\u0161to adresu. Tokiu atveju naudotojo el. pa\u0161to adresas rodomas puslapio, kuriame yra forma, url.<\/li>\n\n\n\n<li>Formoje pateikti duomenys tvarkomi tikslu, kuris yra susij\u0119s su konkre\u010dios formos funkcija, pvz., siekiant apdoroti paslaugos u\u017eklaus\u0105 arba pardavimo kontakt\u0105, registruoti paslaugas ir t. t. Kiekvien\u0105 kart\u0105 formos kontekste ir apra\u0161yme ai\u0161kiai informuojama, kokiam tikslui ji naudojama.<\/li>\n<\/ol>\n\n\n\n<h2 class=\"wp-block-heading\"><strong>6 Administratoriaus \u017eurnalai<\/strong><\/h2>\n\n\n\n<ol class=\"wp-block-list\">\n<li>Informacija apie naudotojo elgsen\u0105 svetain\u0117je gali b\u016bti registruojama. \u0160ie duomenys naudojami svetainei administruoti.<\/li>\n<\/ol>\n\n\n\n<h2 class=\"wp-block-heading\"><strong>7 Atitinkami rinkodaros metodai<\/strong><\/h2>\n\n\n\n<ol class=\"wp-block-list\">\n<li>Operatorius naudoja statistin\u0119 svetain\u0117s lankytoj\u0173 srauto analiz\u0119 per \"Google Analytics\" (\"Google Inc.\", \u012fsik\u016brusi JAV). \u0160ios paslaugos operatorius neperduoda asmens duomen\u0173, o tik nuasmenint\u0105 informacij\u0105. Paslauga grind\u017eiama slapuk\u0173 naudojimu naudotojo galiniame \u012frenginyje. Kalbant apie \"Google\" reklamos tinklo renkam\u0105 informacij\u0105 apie naudotojo nuostatas, naudotojas gali per\u017ei\u016br\u0117ti ir redaguoti informacij\u0105, gaut\u0105 naudojant slapukus, naudodamasis \u0161ia priemone: https:\/\/www.google.com\/ads\/preferences\/.<\/li>\n\n\n\n<li>Operatorius naudoja sprendim\u0105, kuris automatizuoja Svetain\u0117s veikim\u0105 naudotoj\u0173 at\u017evilgiu, pvz., gali si\u0173sti el. lai\u0161k\u0105 naudotojui, apsilankiusiam tam tikrame tinklalapyje, jei naudotojas sutiko gauti komercin\u0119 korespondencij\u0105 i\u0161 Operatoriaus.<\/li>\n<\/ol>\n\n\n\n<h2 class=\"wp-block-heading\"><strong>8 Informacija apie slapukus<\/strong><\/h2>\n\n\n\n<ol class=\"wp-block-list\">\n<li>Svetain\u0117je naudojami slapukai.<\/li>\n\n\n\n<li>Slapukai (vadinamieji \u201eslapukai\u201d) - tai IT duomenys, vis\u0173 pirma tekstiniai failai, kurie saugomi Paslaug\u0173 naudotojo galin\u0117je \u012frangoje ir yra skirti naudoti Svetain\u0117je. Slapukuose paprastai nurodomas svetain\u0117s, i\u0161 kurios jie gauti, pavadinimas, j\u0173 saugojimo galin\u0117je \u012frangoje laikas ir unikalus numeris.<\/li>\n\n\n\n<li>Paslaug\u0173 naudotojo galin\u0117je \u012frangoje slapukus \u012fkelia ir prieig\u0105 prie j\u0173 suteikia Paslaug\u0173 operatorius.<\/li>\n\n\n\n<li>Slapukai naudojami \u0161iais tikslais:\n<ol class=\"wp-block-list\">\n<li>Svetain\u0117s naudotojo seanso i\u0161saugojimas (po prisijungimo), kurio d\u0117ka naudotojui nereikia i\u0161 naujo \u012fvesti savo prisijungimo vardo ir slapta\u017eod\u017eio kiekviename Svetain\u0117s tinklalapyje;<\/li>\n\n\n\n<li>siekiant pirmiau \u201ePagrindini\u0173 rinkodaros metod\u0173\u201d dalyje nurodyt\u0173 tiksl\u0173;<\/li>\n<\/ol>\n<\/li>\n\n\n\n<li>Svetain\u0117je naudojami dviej\u0173 pagrindini\u0173 tip\u0173 slapukai: \u201esesijos\u201d (sesijos slapukai) ir \u201enuolatiniai\u201d (nuolatiniai slapukai). \u201eSesijos\u201d slapukai - tai laikini failai, kurie saugomi Vartotojo galin\u0117je \u012frangoje tol, kol jis atsijungia, i\u0161eina i\u0161 svetain\u0117s arba i\u0161jungia programin\u0119 \u012frang\u0105 (interneto nar\u0161ykl\u0119). \u201eNuolatiniai\u201d slapukai Vartotojo galin\u0117je \u012frangoje saugomi slapuk\u0173 parametruose nurodyt\u0105 laik\u0105 arba tol, kol Vartotojas juos i\u0161trina.<\/li>\n\n\n\n<li>Interneto nar\u0161ymo programin\u0117 \u012franga (\u017einiatinklio nar\u0161ykl\u0117) paprastai pagal nutyl\u0117jim\u0105 leid\u017eia saugoti slapukus Vartotojo galiniame \u012frenginyje. Svetain\u0117s naudotojai gali pakeisti savo nustatymus \u0161iuo at\u017evilgiu. Interneto nar\u0161ykl\u0117 suteikia galimyb\u0119 i\u0161trinti slapukus. Taip pat galima automati\u0161kai blokuoti slapukus I\u0161samesn\u0117s informacijos ie\u0161kokite interneto nar\u0161ykl\u0117s \u017einyne arba dokumentuose.<\/li>\n\n\n\n<li>Slapuk\u0173 naudojimo apribojimai gali tur\u0117ti \u012ftakos kai kurioms Svetain\u0117s funkcijoms.<\/li>\n\n\n\n<li>Paslaug\u0173 naudotojo galin\u0117je \u012frangoje esan\u010dius slapukus taip pat gali naudoti su Paslaug\u0173 operatoriumi bendradarbiaujantys subjektai, ypa\u010d \u012fmon\u0117s: \"Google\" (Google Inc., \u012fsik\u016brusi JAV), \"Facebook\" (Facebook Inc., \u012fsik\u016brusi JAV), \"Twitter\" (Twitter Inc., \u012fsik\u016brusi JAV).<\/li>\n<\/ol>\n\n\n\n<h2 class=\"wp-block-heading\"><strong>9. slapuk\u0173 valdymas - kaip prakti\u0161kai duoti ir at\u0161aukti sutikim\u0105?<\/strong><\/h2>\n\n\n\n<ol class=\"wp-block-list\">\n<li>Jei nenorite gauti slapuk\u0173, galite pakeisti nar\u0161ykl\u0117s nustatymus. Nurodome, kad i\u0161jungus slapukus, kurie yra b\u016btini autentifikavimo procesams, saugumui, naudotojo nuostat\u0173 palaikymui, gali b\u016bti sunku, o kra\u0161tutiniais atvejais - ne\u012fmanoma naudotis svetain\u0117mis.<\/li>\n\n\n\n<li>Jei norite tvarkyti slapuk\u0173 nustatymus, i\u0161 toliau pateikto s\u0105ra\u0161o pasirinkite naudojam\u0105 \u017einiatinklio nar\u0161ykl\u0119 ir vykdykite nurodymus:<ul><li><a href=\"https:\/\/support.microsoft.com\/pl-pl\/help\/10607\/microsoft-edge-view-delete-browser-history\" target=\"_blank\" rel=\"noopener\">Kra\u0161tas<\/a><\/li><li><a href=\"https:\/\/support.microsoft.com\/pl-pl\/help\/278835\/how-to-delete-cookie-files-in-internet-explorer\" target=\"_blank\" rel=\"noopener\">\"Internet Explorer<\/a><\/li><li><a href=\"http:\/\/support.google.com\/chrome\/bin\/answer.py?hl=pl&amp;answer=95647\" target=\"_blank\" rel=\"noopener\">\"Chrome\"<\/a><\/li><li><a href=\"http:\/\/support.apple.com\/kb\/PH5042\" target=\"_blank\" rel=\"noopener\">Safari<\/a><\/li><li><a href=\"http:\/\/support.mozilla.org\/pl\/kb\/W%C5%82%C4%85czanie%20i%20wy%C5%82%C4%85czanie%20obs%C5%82ugi%20ciasteczek\" target=\"_blank\" rel=\"noopener\">\"Firefox\"<\/a><\/li><li><a href=\"http:\/\/help.opera.com\/Windows\/12.10\/pl\/cookies.html\" target=\"_blank\" rel=\"noopener\">Opera<\/a><\/li><\/ul>Mobilieji \u012frenginiai:\n<ul class=\"wp-block-list\">\n<li><a href=\"http:\/\/support.google.com\/chrome\/bin\/answer.py?hl=pl&amp;answer=95647\" target=\"_blank\" rel=\"noopener\">\"Android\"<\/a><\/li>\n\n\n\n<li><a href=\"http:\/\/support.apple.com\/kb\/HT1677?viewlocale=pl_PL\" target=\"_blank\" rel=\"noopener\">\"Safari\" (\"iOS\")<\/a><\/li>\n\n\n\n<li><a href=\"http:\/\/www.windowsphone.com\/pl-pl\/how-to\/wp7\/web\/changing-privacy-and-other-browser-settings\" target=\"_blank\" rel=\"noopener\">\"Windows Phone<\/a><\/li>\n<\/ul>\n<\/li>\n<\/ol>","protected":false},"excerpt":{"rendered":"<p>Polityka prywatno\u015bci opisuje zasady przetwarzania przez nas informacji na Tw\u00f3j temat, w tym danych osobowych oraz ciasteczek, czyli tzw. cookies. [&hellip;]<\/p>\n","protected":false},"author":1,"featured_media":0,"parent":0,"menu_order":0,"comment_status":"closed","ping_status":"closed","template":"","meta":{"_eb_attr":"","_uag_custom_page_level_css":"","site-sidebar-layout":"default","site-content-layout":"","ast-site-content-layout":"","site-content-style":"default","site-sidebar-style":"default","ast-global-header-display":"","ast-banner-title-visibility":"","ast-main-header-display":"","ast-hfb-above-header-display":"","ast-hfb-below-header-display":"","ast-hfb-mobile-header-display":"","site-post-title":"","ast-breadcrumbs-content":"","ast-featured-img":"","footer-sml-layout":"","theme-transparent-header-meta":"","adv-header-id-meta":"","stick-header-meta":"","header-above-stick-meta":"","header-main-stick-meta":"","header-below-stick-meta":"","astra-migrate-meta-layouts":"default","ast-page-background-enabled":"default","ast-page-background-meta":{"desktop":{"background-color":"var(--ast-global-color-4)","background-image":"","background-repeat":"repeat","background-position":"center center","background-size":"auto","background-attachment":"scroll","background-type":"","background-media":"","overlay-type":"","overlay-color":"","overlay-opacity":"","overlay-gradient":""},"tablet":{"background-color":"","background-image":"","background-repeat":"repeat","background-position":"center center","background-size":"auto","background-attachment":"scroll","background-type":"","background-media":"","overlay-type":"","overlay-color":"","overlay-opacity":"","overlay-gradient":""},"mobile":{"background-color":"","background-image":"","background-repeat":"repeat","background-position":"center center","background-size":"auto","background-attachment":"scroll","background-type":"","background-media":"","overlay-type":"","overlay-color":"","overlay-opacity":"","overlay-gradient":""}},"ast-content-background-meta":{"desktop":{"background-color":"var(--ast-global-color-5)","background-image":"","background-repeat":"repeat","background-position":"center center","background-size":"auto","background-attachment":"scroll","background-type":"","background-media":"","overlay-type":"","overlay-color":"","overlay-opacity":"","overlay-gradient":""},"tablet":{"background-color":"var(--ast-global-color-5)","background-image":"","background-repeat":"repeat","background-position":"center center","background-size":"auto","background-attachment":"scroll","background-type":"","background-media":"","overlay-type":"","overlay-color":"","overlay-opacity":"","overlay-gradient":""},"mobile":{"background-color":"var(--ast-global-color-5)","background-image":"","background-repeat":"repeat","background-position":"center center","background-size":"auto","background-attachment":"scroll","background-type":"","background-media":"","overlay-type":"","overlay-color":"","overlay-opacity":"","overlay-gradient":""}},"footnotes":""},"class_list":["post-10","page","type-page","status-publish","hentry"],"uagb_featured_image_src":{"full":false,"thumbnail":false,"medium":false,"medium_large":false,"large":false,"1536x1536":false,"2048x2048":false,"trp-custom-language-flag":false,"depicter-thumbnail":false},"uagb_author_info":{"display_name":"admin","author_link":"https:\/\/prodmar.com\/lt\/author\/admin\/"},"uagb_comment_info":0,"uagb_excerpt":"Polityka prywatno\u015bci opisuje zasady przetwarzania przez nas informacji na Tw\u00f3j temat, w tym danych osobowych oraz ciasteczek, czyli tzw. cookies. [&hellip;]","_links":{"self":[{"href":"https:\/\/prodmar.com\/lt\/wp-json\/wp\/v2\/pages\/10","targetHints":{"allow":["GET"]}}],"collection":[{"href":"https:\/\/prodmar.com\/lt\/wp-json\/wp\/v2\/pages"}],"about":[{"href":"https:\/\/prodmar.com\/lt\/wp-json\/wp\/v2\/types\/page"}],"author":[{"embeddable":true,"href":"https:\/\/prodmar.com\/lt\/wp-json\/wp\/v2\/users\/1"}],"replies":[{"embeddable":true,"href":"https:\/\/prodmar.com\/lt\/wp-json\/wp\/v2\/comments?post=10"}],"version-history":[{"count":3,"href":"https:\/\/prodmar.com\/lt\/wp-json\/wp\/v2\/pages\/10\/revisions"}],"predecessor-version":[{"id":1580,"href":"https:\/\/prodmar.com\/lt\/wp-json\/wp\/v2\/pages\/10\/revisions\/1580"}],"wp:attachment":[{"href":"https:\/\/prodmar.com\/lt\/wp-json\/wp\/v2\/media?parent=10"}],"curies":[{"name":"wp","href":"https:\/\/api.w.org\/{rel}","templated":true}]}}