{"id":1802,"date":"2024-12-18T15:58:07","date_gmt":"2024-12-18T14:58:07","guid":{"rendered":"https:\/\/prodmar.eu\/?page_id=1802"},"modified":"2025-06-18T15:20:41","modified_gmt":"2025-06-18T13:20:41","slug":"jsi-30-35-mm","status":"publish","type":"page","link":"https:\/\/prodmar.com\/lt\/dylatacje-profile-dylatacyjne-listwy-oslony-szczeln\/listwy-dylatacyjne-przeciwskurczowe\/jsi-30-35mm\/","title":{"rendered":"JSI 30-35 mm"},"content":{"rendered":"<div class=\"wp-block-uagb-container uagb-block-a116eddc alignwide uagb-is-root-container\">\n<div class=\"wp-block-uagb-container uagb-block-29a884e7\">\n<div class=\"wp-block-uagb-info-box uagb-block-c2b004f8 uagb-infobox__content-wrap  uagb-infobox-icon-above-title uagb-infobox-image-valign-top\"><div class=\"uagb-ifb-content\"><div class=\"uagb-ifb-title-wrap\"><h2 class=\"uagb-ifb-title-prefix\">JSI 30-35 mm serija<\/h2><div class=\"uagb-ifb-separator\"><\/div><\/div><p class=\"uagb-ifb-desc\">       2-6 mm tarpas | skersiniai i\u0161 dviej\u0173 komponent\u0173 termoplastinio profilio, sumontuoti 30-35 mm \u012fduboje<br><strong>APSAUGIN\u0116 JUOSTA NUO SUSITRAUKIMO, SKIRTA MONTUOTI \u012e BETONE PARUO\u0160T\u0104 \u012eDUB\u0104<\/strong><br>Eleganti\u0161kos grindjuost\u0117s didel\u0117ms betonin\u0117ms grindims, apdailintoms (arba ne) plytel\u0117mis. Taip pat galima rinktis aliuminio arba \u017ealvario intarpus lygioms, poliruotoms grindims, naudojamoms gele\u017einkelio stotyse, oro uost\u0173 terminaluose ir gausiai lankomuose prekybos centruose.<\/p><\/div><\/div>\n\n\n\n<div class=\"wp-block-uagb-advanced-heading uagb-block-5fcfa17c\"><h6 class=\"uagb-heading-text\">Taikymo sritys<\/h6><\/div>\n\n\n\n<div class=\"wp-block-uagb-icon-list uagb-block-e0c164fa\"><div class=\"uagb-icon-list__wrap\">\n<div class=\"wp-block-uagb-icon-list-child uagb-block-e8041d56\"><span class=\"uagb-icon-list__source-wrap\"><svg xmlns=\"https:\/\/www.w3.org\/2000\/svg\" viewbox=\"0 0 512 512\"><path d=\"M256 0C114.6 0 0 114.6 0 256c0 141.4 114.6 256 256 256s256-114.6 256-256C512 114.6 397.4 0 256 0zM406.6 278.6l-103.1 103.1c-12.5 12.5-32.75 12.5-45.25 0s-12.5-32.75 0-45.25L306.8 288H128C110.3 288 96 273.7 96 256s14.31-32 32-32h178.8l-49.38-49.38c-12.5-12.5-12.5-32.75 0-45.25s32.75-12.5 45.25 0l103.1 103.1C414.6 241.3 416 251.1 416 256C416 260.9 414.6 270.7 406.6 278.6z\"><\/path><\/svg><\/span><span class=\"uagb-icon-list__label\">Dideli, lyg\u016bs betoniniai arba plytel\u0117mis i\u0161kloti pavir\u0161iai.<\/span><\/div>\n<\/div><\/div>\n<\/div>\n\n\n\n<div class=\"wp-block-uagb-container uagb-block-6e5fe4a5\">\n<div class=\"wp-block-uagb-container uagb-block-eb091ae9\">\n<div class=\"wp-block-uagb-image aligncenter uagb-block-d620e44f wp-block-uagb-image--layout-default wp-block-uagb-image--effect-static wp-block-uagb-image--align-center alignleft\"><figure class=\"wp-block-uagb-image__figure\"><img decoding=\"async\" srcset=\"https:\/\/prodmar.com\/wp-content\/uploads\/2024\/12\/jsi-series.png ,https:\/\/prodmar.com\/wp-content\/uploads\/2024\/12\/jsi-series.png 780w, https:\/\/prodmar.com\/wp-content\/uploads\/2024\/12\/jsi-series.png 360w\" sizes=\"auto, (max-width: 480px) 150px\" src=\"https:\/\/prodmar.com\/wp-content\/uploads\/2024\/12\/jsi-series.png\" alt=\"\" class=\"uag-image-1805\" width=\"515\" height=\"575\" title=\"jsi serijos\" loading=\"lazy\" role=\"img\"\/><\/figure><\/div>\n<\/div>\n<\/div>\n<\/div>\n\n\n\n<div class=\"wp-block-uagb-container uagb-block-d75d3373 alignfull uagb-is-root-container\"><div class=\"uagb-container-inner-blocks-wrap\">\n<div class=\"wp-block-uagb-info-box uagb-block-392b34b0 uagb-infobox__content-wrap  uagb-infobox-icon-above-title uagb-infobox-image-valign-top\"><div class=\"uagb-ifb-content\"><div class=\"uagb-ifb-title-wrap\"><h3 class=\"uagb-ifb-title\">Pl\u0117timosi jung\u010di\u0173 juostel\u0117s<\/h3><\/div><p class=\"uagb-ifb-desc\">Technologin\u0117s deformacin\u0117s sand\u016bros, apsaugan\u010dios nuo susitraukimo, - jomis pa\u0161alinamas statybos elementuose naudojam\u0173 med\u017eiag\u0173 susitraukimo ar i\u0161brinkimo poveikis, pvz., betonini\u0173 grind\u0173 ir (arba) keramini\u0173 dang\u0173, kuri\u0173 deleguoti plotai tur\u0117t\u0173 b\u016bti ma\u017edaug 6 m x 6 m kvadrato ploto patalpose ir 4 m x 4 m atvirose erdv\u0117se.<\/p><\/div><\/div>\n<\/div><\/div>\n\n\n\n<div class=\"wp-block-uagb-container uagb-block-993fa089 alignfull uagb-is-root-container\">\n<div class=\"wp-block-uagb-container uagb-block-39533ac6 alignfull uagb-is-root-container\"><div class=\"uagb-container-inner-blocks-wrap\">\n<div class=\"wp-block-uagb-container uagb-block-c5d4d80b\">\n<div class=\"wp-block-uagb-buttons uagb-buttons__outer-wrap uagb-btn__default-btn uagb-btn-tablet__default-btn uagb-btn-mobile__default-btn uagb-block-1bbeaad8\"><div class=\"uagb-buttons__wrap uagb-buttons-layout-wrap\">\n<div class=\"wp-block-uagb-buttons-child uagb-buttons__outer-wrap uagb-block-ad1de6d1 wp-block-button\"><div class=\"uagb-button__wrapper\"><a class=\"uagb-buttons-repeater wp-block-button__link\" aria-label=\"\" href=\"https:\/\/prodmar.com\/wp-content\/uploads\/2024\/12\/Prodmar-dylatacje-katalog-19.pdf\" rel=\"follow noopener\" target=\"_blank\" role=\"button\"><span class=\"uagb-button__icon uagb-button__icon-position-before\"><svg xmlns=\"https:\/\/www.w3.org\/2000\/svg\" viewbox=\"0 0 384 512\" aria-hidden=\"true\" focussable=\"false\"><path d=\"M169.4 278.6C175.6 284.9 183.8 288 192 288s16.38-3.125 22.62-9.375l160-160c12.5-12.5 12.5-32.75 0-45.25s-32.75-12.5-45.25 0L192 210.8L54.63 73.38c-12.5-12.5-32.75-12.5-45.25 0s-12.5 32.75 0 45.25L169.4 278.6zM329.4 265.4L192 402.8L54.63 265.4c-12.5-12.5-32.75-12.5-45.25 0s-12.5 32.75 0 45.25l160 160C175.6 476.9 183.8 480 192 480s16.38-3.125 22.62-9.375l160-160c12.5-12.5 12.5-32.75 0-45.25S341.9 252.9 329.4 265.4z\"><\/path><\/svg><\/span><div class=\"uagb-button__link\">Atsisi\u0173sti katalog\u0105<\/div><\/a><\/div><\/div>\n<\/div><\/div>\n<\/div>\n\n\n\n<div class=\"wp-block-uagb-container uagb-block-29a5816a\">\n<div class=\"wp-block-uagb-buttons uagb-buttons__outer-wrap uagb-btn__default-btn uagb-btn-tablet__default-btn uagb-btn-mobile__default-btn uagb-block-12d48a19\"><div class=\"uagb-buttons__wrap uagb-buttons-layout-wrap\">\n<div class=\"wp-block-uagb-buttons-child uagb-buttons__outer-wrap uagb-block-ec9f9583 wp-block-button\"><div class=\"uagb-button__wrapper\"><a class=\"uagb-buttons-repeater wp-block-button__link\" aria-label=\"\" href=\"https:\/\/prodmar.com\/lt\/kontakt\/\" rel=\"follow noopener\" target=\"_self\" role=\"button\"><span class=\"uagb-button__icon uagb-button__icon-position-before\"><svg xmlns=\"https:\/\/www.w3.org\/2000\/svg\" viewbox=\"0 0 384 512\" aria-hidden=\"true\" focussable=\"false\"><path d=\"M169.4 278.6C175.6 284.9 183.8 288 192 288s16.38-3.125 22.62-9.375l160-160c12.5-12.5 12.5-32.75 0-45.25s-32.75-12.5-45.25 0L192 210.8L54.63 73.38c-12.5-12.5-32.75-12.5-45.25 0s-12.5 32.75 0 45.25L169.4 278.6zM329.4 265.4L192 402.8L54.63 265.4c-12.5-12.5-32.75-12.5-45.25 0s-12.5 32.75 0 45.25l160 160C175.6 476.9 183.8 480 192 480s16.38-3.125 22.62-9.375l160-160c12.5-12.5 12.5-32.75 0-45.25S341.9 252.9 329.4 265.4z\"><\/path><\/svg><\/span><div class=\"uagb-button__link\">Paklauskite kainos<\/div><\/a><\/div><\/div>\n<\/div><\/div>\n<\/div>\n\n\n\n<div class=\"wp-block-uagb-container uagb-block-26e9303c\">\n<div class=\"wp-block-uagb-buttons uagb-buttons__outer-wrap uagb-btn__default-btn uagb-btn-tablet__default-btn uagb-btn-mobile__default-btn uagb-block-f1a97e1b\"><div class=\"uagb-buttons__wrap uagb-buttons-layout-wrap\">\n<div class=\"wp-block-uagb-buttons-child uagb-buttons__outer-wrap uagb-block-5d09ba1a wp-block-button\"><div class=\"uagb-button__wrapper\"><a class=\"uagb-buttons-repeater wp-block-button__link\" aria-label=\"\" href=\"https:\/\/prodmar.com\/lt\/kontakt\/\" rel=\"follow noopener\" target=\"_self\" role=\"button\"><span class=\"uagb-button__icon uagb-button__icon-position-before\"><svg xmlns=\"https:\/\/www.w3.org\/2000\/svg\" viewbox=\"0 0 384 512\" aria-hidden=\"true\" focussable=\"false\"><path d=\"M169.4 278.6C175.6 284.9 183.8 288 192 288s16.38-3.125 22.62-9.375l160-160c12.5-12.5 12.5-32.75 0-45.25s-32.75-12.5-45.25 0L192 210.8L54.63 73.38c-12.5-12.5-32.75-12.5-45.25 0s-12.5 32.75 0 45.25L169.4 278.6zM329.4 265.4L192 402.8L54.63 265.4c-12.5-12.5-32.75-12.5-45.25 0s-12.5 32.75 0 45.25l160 160C175.6 476.9 183.8 480 192 480s16.38-3.125 22.62-9.375l160-160c12.5-12.5 12.5-32.75 0-45.25S341.9 252.9 329.4 265.4z\"><\/path><\/svg><\/span><div class=\"uagb-button__link\">U\u017eduoti klausim\u0105<\/div><\/a><\/div><\/div>\n<\/div><\/div>\n<\/div>\n\n\n\n<div class=\"wp-block-uagb-container uagb-block-21aafa06\">\n<div class=\"wp-block-uagb-buttons uagb-buttons__outer-wrap uagb-btn__default-btn uagb-btn-tablet__default-btn uagb-btn-mobile__default-btn uagb-block-059ca9cd\"><div class=\"uagb-buttons__wrap uagb-buttons-layout-wrap\">\n<div class=\"wp-block-uagb-buttons-child uagb-buttons__outer-wrap uagb-block-78d6aa37 wp-block-button\"><div class=\"uagb-button__wrapper\"><a class=\"uagb-buttons-repeater wp-block-button__link\" aria-label=\"\" href=\"https:\/\/prodmar.com\/wp-content\/uploads\/2024\/12\/Prodmar-dylatacje-katalog-19.pdf\" rel=\"follow noopener\" target=\"_blank\" role=\"button\"><span class=\"uagb-button__icon uagb-button__icon-position-before\"><svg xmlns=\"https:\/\/www.w3.org\/2000\/svg\" viewbox=\"0 0 384 512\" aria-hidden=\"true\" focussable=\"false\"><path d=\"M169.4 278.6C175.6 284.9 183.8 288 192 288s16.38-3.125 22.62-9.375l160-160c12.5-12.5 12.5-32.75 0-45.25s-32.75-12.5-45.25 0L192 210.8L54.63 73.38c-12.5-12.5-32.75-12.5-45.25 0s-12.5 32.75 0 45.25L169.4 278.6zM329.4 265.4L192 402.8L54.63 265.4c-12.5-12.5-32.75-12.5-45.25 0s-12.5 32.75 0 45.25l160 160C175.6 476.9 183.8 480 192 480s16.38-3.125 22.62-9.375l160-160c12.5-12.5 12.5-32.75 0-45.25S341.9 252.9 329.4 265.4z\"><\/path><\/svg><\/span><div class=\"uagb-button__link\">Atsisiuntimai<\/div><\/a><\/div><\/div>\n<\/div><\/div>\n<\/div>\n<\/div><\/div>\n<\/div>\n\n\n\n<div class=\"wp-block-uagb-container uagb-block-c7d6da23 alignfull uagb-is-root-container\"><div class=\"uagb-container-inner-blocks-wrap\">\n<table id=\"tablepress-13\" class=\"tablepress tablepress-id-13\">\n<thead>\n<tr class=\"row-1\">\n\t<th class=\"column-1\">Modelis<\/th><th class=\"column-2\">Bendras deformacin\u0117s si\u016bl\u0117s plotis (mm)<\/th><th class=\"column-3\">Matomas pavir\u0161ius (mm)<\/th><th class=\"column-4\">\u012edubos gylis (mm)<\/th><th class=\"column-5\">\u012ekelti klas\u0119<\/th>\n<\/tr>\n<\/thead>\n<tbody class=\"row-striping row-hover\">\n<tr class=\"row-2\">\n\t<td class=\"column-1\">JSI 2\/20<\/td><td class=\"column-2\">2.4 i 2.8<\/td><td class=\"column-3\">2.4 i 2.8<\/td><td class=\"column-4\">30<\/td><td class=\"column-5\">3<\/td>\n<\/tr>\n<tr class=\"row-3\">\n\t<td class=\"column-1\">JSI 4\/20<\/td><td class=\"column-2\">3.2<\/td><td class=\"column-3\">3.2<\/td><td class=\"column-4\">30<\/td><td class=\"column-5\">3<\/td>\n<\/tr>\n<tr class=\"row-4\">\n\t<td class=\"column-1\">JSI 5\/20<\/td><td class=\"column-2\">3.8 i 4<\/td><td class=\"column-3\">3.8 i 4<\/td><td class=\"column-4\">30<\/td><td class=\"column-5\">3<\/td>\n<\/tr>\n<tr class=\"row-5\">\n\t<td class=\"column-1\">JSI 6\/27<\/td><td class=\"column-2\">6<\/td><td class=\"column-3\">6<\/td><td class=\"column-4\">30<\/td><td class=\"column-5\">3<\/td>\n<\/tr>\n<tr class=\"row-6\">\n\t<td class=\"column-1\">JSI 6\/30 Alu.<\/td><td class=\"column-2\">6<\/td><td class=\"column-3\">6<\/td><td class=\"column-4\">35<\/td><td class=\"column-5\">3<\/td>\n<\/tr>\n<tr class=\"row-7\">\n\t<td class=\"column-1\">JSI 6\/30 m.<\/td><td class=\"column-2\">6<\/td><td class=\"column-3\">6<\/td><td class=\"column-4\">35<\/td><td class=\"column-5\">3<\/td>\n<\/tr>\n<\/tbody>\n<\/table>\n<!-- #tablepress-13 from cache -->\n<\/div><\/div>\n\n\n\n<div class=\"wp-block-uagb-container uagb-layout-flex uagb-block-b5e95f64 alignfull uagb-is-root-container\"><div class=\"uagb-container-inner-blocks-wrap\">\n<div class=\"wp-block-uagb-info-box uagb-block-f82be2e0 uagb-infobox__content-wrap  uagb-infobox-icon-above-title uagb-infobox-image-valign-top\"><div class=\"uagb-ifb-content\"><div class=\"uagb-ifb-title-wrap\"><h3 class=\"uagb-ifb-title\">Visas pl\u0117timosi si\u016bli\u0173 profili\u0173 asortimentas - <strong>\"AluJoint ProLine<\/strong><\/h3><\/div><\/div><\/div>\n\n\n\n<div class=\"wp-block-uagb-container uagb-block-be70605f alignfull uagb-is-root-container\"><div class=\"uagb-container-inner-blocks-wrap\">\n<div class=\"wp-block-uagb-container uagb-block-f638dedf\">\n<div class=\"wp-block-uagb-image uagb-block-fd6e965e wp-block-uagb-image--layout-default wp-block-uagb-image--effect-static wp-block-uagb-image--align-none\"><figure class=\"wp-block-uagb-image__figure\"><img decoding=\"async\" srcset=\"https:\/\/prodmar.com\/wp-content\/uploads\/2024\/12\/DYLATACJE_2018-01-757x1024.jpg ,https:\/\/prodmar.com\/wp-content\/uploads\/2024\/12\/DYLATACJE_2018-01-scaled.jpg 780w, https:\/\/prodmar.com\/wp-content\/uploads\/2024\/12\/DYLATACJE_2018-01-scaled.jpg 360w\" sizes=\"auto, (max-width: 480px) 150px\" src=\"https:\/\/prodmar.com\/wp-content\/uploads\/2024\/12\/DYLATACJE_2018-01-757x1024.jpg\" alt=\"\" class=\"uag-image-1671\" width=\"450\" height=\"600\" title=\"DILATACIJOS_2018-01\" loading=\"lazy\" role=\"img\"\/><\/figure><\/div>\n<\/div>\n\n\n\n<div class=\"wp-block-uagb-container uagb-block-4963e204\">\n<div class=\"wp-block-essential-blocks-infobox  root-eb-infobox-hnhsb\"><div class=\"eb-parent-wrapper eb-parent-eb-infobox-hnhsb\"><div class=\"eb-infobox-hnhsb eb-infobox-wrapper\"><div class=\"infobox-wrapper-inner\"><div class=\"icon-img-wrapper\"><div class=\"eb-icon number-or-icon\"><span class=\"dashicon dashicons dashicons-pdf eb-infobox-icon-data-selector\"><\/span><\/div><\/div><div class=\"contents-wrapper\"><h2 class=\"title\">I\u0161sipl\u0117timo s\u0105nari\u0173 profili\u0173 katalogas<br>\"AluJoint ProLine<\/h2><p class=\"description\">\u010cia galite atsisi\u0173sti pl\u0117timosi jung\u010di\u0173 profili\u0173 katalog\u0105 su technine informacija.<\/p><div class=\"eb-button-inner-wrapper eb-infobox-btn-wrapper\"><a class=\"eb-button-anchor infobox-btn\" href=\"https:\/\/prodmar.com\/wp-content\/uploads\/2024\/12\/Prodmar-dylatacje-katalog-19.pdf\" download rel=\"noopener\">Atsisi\u0173sti<\/a><\/div><\/div><\/div><\/div><\/div><\/div>\n<\/div>\n<\/div><\/div>\n<\/div><\/div>","protected":false},"excerpt":{"rendered":"<p>Taikymo sritys<\/p>","protected":false},"author":1,"featured_media":0,"parent":1780,"menu_order":0,"comment_status":"closed","ping_status":"closed","template":"","meta":{"_eb_attr":"","_uag_custom_page_level_css":"","site-sidebar-layout":"default","site-content-layout":"","ast-site-content-layout":"","site-content-style":"default","site-sidebar-style":"default","ast-global-header-display":"","ast-banner-title-visibility":"","ast-main-header-display":"","ast-hfb-above-header-display":"","ast-hfb-below-header-display":"","ast-hfb-mobile-header-display":"","site-post-title":"disabled","ast-breadcrumbs-content":"","ast-featured-img":"","footer-sml-layout":"","theme-transparent-header-meta":"","adv-header-id-meta":"","stick-header-meta":"","header-above-stick-meta":"","header-main-stick-meta":"","header-below-stick-meta":"","astra-migrate-meta-layouts":"default","ast-page-background-enabled":"default","ast-page-background-meta":{"desktop":{"background-color":"var(--ast-global-color-4)","background-image":"","background-repeat":"repeat","background-position":"center center","background-size":"auto","background-attachment":"scroll","background-type":"","background-media":"","overlay-type":"","overlay-color":"","overlay-opacity":"","overlay-gradient":""},"tablet":{"background-color":"","background-image":"","background-repeat":"repeat","background-position":"center center","background-size":"auto","background-attachment":"scroll","background-type":"","background-media":"","overlay-type":"","overlay-color":"","overlay-opacity":"","overlay-gradient":""},"mobile":{"background-color":"","background-image":"","background-repeat":"repeat","background-position":"center center","background-size":"auto","background-attachment":"scroll","background-type":"","background-media":"","overlay-type":"","overlay-color":"","overlay-opacity":"","overlay-gradient":""}},"ast-content-background-meta":{"desktop":{"background-color":"var(--ast-global-color-5)","background-image":"","background-repeat":"repeat","background-position":"center center","background-size":"auto","background-attachment":"scroll","background-type":"","background-media":"","overlay-type":"","overlay-color":"","overlay-opacity":"","overlay-gradient":""},"tablet":{"background-color":"var(--ast-global-color-5)","background-image":"","background-repeat":"repeat","background-position":"center center","background-size":"auto","background-attachment":"scroll","background-type":"","background-media":"","overlay-type":"","overlay-color":"","overlay-opacity":"","overlay-gradient":""},"mobile":{"background-color":"var(--ast-global-color-5)","background-image":"","background-repeat":"repeat","background-position":"center center","background-size":"auto","background-attachment":"scroll","background-type":"","background-media":"","overlay-type":"","overlay-color":"","overlay-opacity":"","overlay-gradient":""}},"footnotes":""},"class_list":["post-1802","page","type-page","status-publish","hentry"],"uagb_featured_image_src":{"full":false,"thumbnail":false,"medium":false,"medium_large":false,"large":false,"1536x1536":false,"2048x2048":false,"trp-custom-language-flag":false,"depicter-thumbnail":false},"uagb_author_info":{"display_name":"admin","author_link":"https:\/\/prodmar.com\/lt\/author\/admin\/"},"uagb_comment_info":0,"uagb_excerpt":"Obszary zastosowa\u0144","_links":{"self":[{"href":"https:\/\/prodmar.com\/lt\/wp-json\/wp\/v2\/pages\/1802","targetHints":{"allow":["GET"]}}],"collection":[{"href":"https:\/\/prodmar.com\/lt\/wp-json\/wp\/v2\/pages"}],"about":[{"href":"https:\/\/prodmar.com\/lt\/wp-json\/wp\/v2\/types\/page"}],"author":[{"embeddable":true,"href":"https:\/\/prodmar.com\/lt\/wp-json\/wp\/v2\/users\/1"}],"replies":[{"embeddable":true,"href":"https:\/\/prodmar.com\/lt\/wp-json\/wp\/v2\/comments?post=1802"}],"version-history":[{"count":6,"href":"https:\/\/prodmar.com\/lt\/wp-json\/wp\/v2\/pages\/1802\/revisions"}],"predecessor-version":[{"id":2914,"href":"https:\/\/prodmar.com\/lt\/wp-json\/wp\/v2\/pages\/1802\/revisions\/2914"}],"up":[{"embeddable":true,"href":"https:\/\/prodmar.com\/lt\/wp-json\/wp\/v2\/pages\/1780"}],"wp:attachment":[{"href":"https:\/\/prodmar.com\/lt\/wp-json\/wp\/v2\/media?parent=1802"}],"curies":[{"name":"wp","href":"https:\/\/api.w.org\/{rel}","templated":true}]}}